{"id":3450,"date":"2021-02-24T16:53:02","date_gmt":"2021-02-24T15:53:02","guid":{"rendered":"https:\/\/montalcinoceramiche.it\/?page_id=3450"},"modified":"2021-03-23T12:45:18","modified_gmt":"2021-03-23T11:45:18","slug":"wer-wir-sind","status":"publish","type":"page","link":"https:\/\/montalcinoceramiche.it\/de\/wer-wir-sind\/","title":{"rendered":"Wer wir sind"},"content":{"rendered":"<p>[et_pb_section fb_built=&#8220;1&#8243; next_background_color=&#8220;#ffffff&#8220; admin_label=&#8220;Hero Section&#8220; _builder_version=&#8220;4.6.1&#8243; use_background_color_gradient=&#8220;on&#8220; background_color_gradient_start=&#8220;rgba(0,0,0,0.16)&#8220; background_color_gradient_end=&#8220;rgba(0,0,0,0)&#8220; background_color_gradient_direction=&#8220;120deg&#8220; background_color_gradient_overlays_image=&#8220;on&#8220; background_image=&#8220;https:\/\/montalcinoceramiche.it\/wp-content\/uploads\/2020\/10\/WhatsApp-Image-2020-09-30-at-15.48.37-3.jpeg&#8220; background_position=&#8220;bottom_center&#8220; custom_margin=&#8220;||||false|false&#8220; custom_padding=&#8220;||48px||false|false&#8220; bottom_divider_style=&#8220;wave&#8220; bottom_divider_height=&#8220;70px&#8220;][et_pb_row column_structure=&#8220;1_2,1_2&#8243; admin_label=&#8220;Hero Area&#8220; _builder_version=&#8220;3.25&#8243;][et_pb_column type=&#8220;1_2&#8243; _builder_version=&#8220;3.25&#8243; custom_padding=&#8220;|||&#8220; custom_padding__hover=&#8220;|||&#8220;][et_pb_text admin_label=&#8220;Title&#8220; _builder_version=&#8220;4.6.5&#8243; text_font=&#8220;||||||||&#8220; header_font=&#8220;|600|||||||&#8220; header_font_size=&#8220;60px&#8220; header_line_height=&#8220;1.2em&#8220; background_layout=&#8220;dark&#8220; animation_style=&#8220;fade&#8220; header_font_size_tablet=&#8220;&#8220; header_font_size_phone=&#8220;40px&#8220; header_font_size_last_edited=&#8220;on|phone&#8220;]<\/p>\n<h1>Bottega d&#8217;arte<\/h1>\n<p>[\/et_pb_text][\/et_pb_column][et_pb_column type=&#8220;1_2&#8243; _builder_version=&#8220;3.25&#8243; custom_padding=&#8220;|||&#8220; custom_padding__hover=&#8220;|||&#8220;][\/et_pb_column][\/et_pb_row][\/et_pb_section][et_pb_section fb_built=&#8220;1&#8243; admin_label=&#8220;Shop Section&#8220; _builder_version=&#8220;3.22&#8243; custom_padding=&#8220;90px||90px||true|&#8220;][et_pb_row admin_label=&#8220;Button&#8220; _builder_version=&#8220;4.6.5&#8243;][et_pb_column type=&#8220;4_4&#8243; _builder_version=&#8220;3.25&#8243; custom_padding=&#8220;|||&#8220; custom_padding__hover=&#8220;|||&#8220;][et_pb_text _builder_version=&#8220;4.8.1&#8243; _module_preset=&#8220;default&#8220;]<\/p>\n<h1>&#8220; Wir lieben zu erschaffen, was uns die Fantasie vorschlagt &#8222;<\/h1>\n<p>[\/et_pb_text][\/et_pb_column][\/et_pb_row][et_pb_row column_structure=&#8220;1_3,1_3,1_3&#8243; admin_label=&#8220;Button&#8220; _builder_version=&#8220;3.25&#8243; custom_padding=&#8220;0px||0px|||&#8220;][et_pb_column type=&#8220;1_3&#8243; _builder_version=&#8220;3.25&#8243; custom_padding=&#8220;|||&#8220; custom_padding__hover=&#8220;|||&#8220;][et_pb_text _builder_version=&#8220;4.6.1&#8243; _module_preset=&#8220;default&#8220;]<\/p>\n<p>Bottega d\u2019arte wurde im August 2000 im Kerngebiet von Montalcino aus Agnese Andreuccis Leidenschaft f\u00fcr Keramik hervorgebracht, die in diesem Bereich ihre tiefsten Wurzeln hat. Tats\u00e4chlich stellten die Etrusker genau in der Toskana wertvolle Keramik her, die als &#8222;Bucchero&#8220; bezeichnet wurden. Diese wurden im Laufe der Zeit \u00fcberliefert und weiterentwickelt bis die Erschaffung von der feinen Majolika aus Siena, Florenz und Pisa: heute weltweit bekannt! Wie andere Orte in der Provinz Siena, bald zeichnete sich Montalcino in der Tradition der Keramik durch seinen dekorativen Reichtum und die besondere Art des Brennens des Biskuits aus. Nach diesem Verfahren wurde das Objekt vor dem Glasieren dem Biskuit bei einer Temperatur zwischen 920 \u00b0 und 1000 \u00b0 unterzogen.<\/p>\n<p>[\/et_pb_text][\/et_pb_column][et_pb_column type=&#8220;1_3&#8243; _builder_version=&#8220;3.25&#8243; custom_padding=&#8220;|||&#8220; custom_padding__hover=&#8220;|||&#8220;][et_pb_text _builder_version=&#8220;4.6.1&#8243; _module_preset=&#8220;default&#8220;]<\/p>\n<p>In seiner kleinen Werkstatt, kombiniert Bottega d\u2019arte diese alten Techniken der Kunst der sienesischen T\u00f6pfer mit modernen Aspekten, um originelle und raffinierte Handwerksprodukte zu erschaffen. In Zusammenarbeit mit ihrem Vater, der zuerst zum Spa\u00df und dann aus Leidenschaft die Keramik entdeckt hat, Agnese: entwirft, stellt her und malt Keramik und Porzellan mit der Hand und bildet alles ab, was ihr die Fantasie vorschlagt. Gegenstand ihrer Kunst sind nicht nur die typischen toskanischen Landschaften und Blumenmotive, sondern auch geometrische Elemente mit ihrer perfekten Symmetrie, die einen anderen und ungew\u00f6hnlichen Aspekt der Keramik zeigen.<\/p>\n<p>Die Rohstoffe, die wir verwenden f\u00fcr die Herstellung unserer Produkte, sind erstklassige Ton, Porzellan und Steinzeug. <\/p>\n<p>[\/et_pb_text][\/et_pb_column][et_pb_column type=&#8220;1_3&#8243; _builder_version=&#8220;3.25&#8243; custom_padding=&#8220;|||&#8220; custom_padding__hover=&#8220;|||&#8220;][et_pb_text _builder_version=&#8220;4.6.1&#8243; _module_preset=&#8220;default&#8220;]<\/p>\n<p>Der Ton wird auf einer Drehmaschine oder mit der Hand bearbeitet; Porzellan oder Steinzeug in Pulver werden dagegen sorgf\u00e4ltig mit Wasser gemischt, um ein fl\u00fcssiges teig zu erzeugen, die dann direkt in den Formen verarbeitet wird.<\/p>\n<p>Jedes Produkt folgt einem pr\u00e4zisen Herstellungsprozess, der mit der Schaffung einzigartiger St\u00fccke endet. Diese Produkte enthalten die Techniken und Traditionen des Gebiets, in dem sich Bottega d&#8217;Arte befindet. Au\u00dferdem stellen sie die Leidenschaft dar, die Agnese und ihr Vater f\u00fcr einen Beruf haben mit einem reichen Charme und einer alten Geschichte haben, der zunehmend verloren geht.<\/p>\n<p>[\/et_pb_text][\/et_pb_column][\/et_pb_row][et_pb_row column_structure=&#8220;1_3,1_3,1_3&#8243; use_custom_gutter=&#8220;on&#8220; gutter_width=&#8220;1&#8243; _builder_version=&#8220;4.6.5&#8243; _module_preset=&#8220;default&#8220;][et_pb_column type=&#8220;1_3&#8243; _builder_version=&#8220;4.6.5&#8243; _module_preset=&#8220;default&#8220;][et_pb_image src=&#8220;https:\/\/montalcinoceramiche.it\/wp-content\/uploads\/2020\/10\/WhatsApp-Image-2020-09-30-at-15.48.35.jpeg&#8220; title_text=&#8220;WhatsApp Image 2020-09-30 at 15.48.35&#8243; _builder_version=&#8220;4.6.5&#8243; _module_preset=&#8220;default&#8220; border_width_all=&#8220;4px&#8220; border_color_all=&#8220;#ffffff&#8220;][\/et_pb_image][\/et_pb_column][et_pb_column type=&#8220;1_3&#8243; _builder_version=&#8220;4.6.5&#8243; _module_preset=&#8220;default&#8220;][et_pb_image src=&#8220;https:\/\/montalcinoceramiche.it\/wp-content\/uploads\/2020\/10\/WhatsApp-Image-2020-09-30-at-15.48.37.jpeg&#8220; title_text=&#8220;WhatsApp Image 2020-09-30 at 15.48.35&#8243; _builder_version=&#8220;4.6.5&#8243; _module_preset=&#8220;default&#8220; border_width_all=&#8220;4px&#8220; border_color_all=&#8220;#ffffff&#8220;][\/et_pb_image][et_pb_image src=&#8220;https:\/\/montalcinoceramiche.it\/wp-content\/uploads\/2020\/10\/WhatsApp-Image-2020-09-30-at-15.48.10-1.jpeg&#8220; title_text=&#8220;WhatsApp Image 2020-09-30 at 15.48.35&#8243; _builder_version=&#8220;4.6.5&#8243; _module_preset=&#8220;default&#8220; border_width_all=&#8220;4px&#8220; border_color_all=&#8220;#ffffff&#8220;][\/et_pb_image][\/et_pb_column][et_pb_column type=&#8220;1_3&#8243; _builder_version=&#8220;4.6.5&#8243; _module_preset=&#8220;default&#8220;][et_pb_image src=&#8220;https:\/\/montalcinoceramiche.it\/wp-content\/uploads\/2020\/10\/WhatsApp-Image-2020-09-30-at-15.48.36-4.jpeg&#8220; title_text=&#8220;WhatsApp Image 2020-09-30 at 15.48.35&#8243; _builder_version=&#8220;4.6.5&#8243; _module_preset=&#8220;default&#8220; border_width_all=&#8220;4px&#8220; border_color_all=&#8220;#ffffff&#8220;][\/et_pb_image][\/et_pb_column][\/et_pb_row][\/et_pb_section][et_pb_section fb_built=&#8220;1&#8243; admin_label=&#8220;About Section&#8220; _builder_version=&#8220;4.6.5&#8243; custom_padding=&#8220;0px||0px|&#8220; box_shadow_style=&#8220;preset1&#8243; box_shadow_blur=&#8220;25px&#8220; box_shadow_color=&#8220;rgba(0,0,0,0.12)&#8220;][et_pb_row column_structure=&#8220;1_2,1_2&#8243; use_custom_gutter=&#8220;on&#8220; gutter_width=&#8220;0&#8243; make_equal=&#8220;on&#8220; admin_label=&#8220;About Area&#8220; _builder_version=&#8220;4.6.1&#8243; width=&#8220;100%&#8220; max_width=&#8220;100%&#8220; custom_padding=&#8220;0px||0px|&#8220; use_custom_width=&#8220;on&#8220; width_unit=&#8220;off&#8220; custom_width_percent=&#8220;100%&#8220;][et_pb_column type=&#8220;1_2&#8243; _builder_version=&#8220;4.6.1&#8243; background_color=&#8220;rgba(255,255,255,0.58)&#8220; custom_padding=&#8220;5%|5%|5%|5%|true|true&#8220; custom_padding_tablet=&#8220;15%|5%|15%|5%|true|true&#8220; custom_padding_phone=&#8220;&#8220; custom_padding_last_edited=&#8220;on|tablet&#8220; custom_padding__hover=&#8220;|||&#8220;][et_pb_text admin_label=&#8220;Title&#8220; _builder_version=&#8220;4.6.5&#8243; text_font=&#8220;||||||||&#8220; header_font=&#8220;||||||||&#8220; header_2_font=&#8220;|600|||||||&#8220; header_2_text_align=&#8220;center&#8220; header_2_font_size=&#8220;36px&#8220; header_2_line_height=&#8220;1.2em&#8220; text_orientation=&#8220;center&#8220; module_alignment=&#8220;center&#8220; custom_margin=&#8220;||0px|&#8220; custom_padding=&#8220;|||&#8220; animation_style=&#8220;fade&#8220; animation_direction=&#8220;top&#8220;]<\/p>\n<h2>Herstellung von Keramikgegenst\u00e4nden <\/h2>\n<p>[\/et_pb_text][et_pb_divider divider_position=&#8220;center&#8220; divider_weight=&#8220;3px&#8220; _builder_version=&#8220;3.2&#8243; max_width=&#8220;50px&#8220; module_alignment=&#8220;center&#8220; animation_style=&#8220;slide&#8220; animation_direction=&#8220;top&#8220; animation_intensity_slide=&#8220;10%&#8220; animation_starting_opacity=&#8220;100%&#8220;][\/et_pb_divider][et_pb_text _builder_version=&#8220;4.6.5&#8243; text_font=&#8220;Poppins||||||||&#8220; text_text_color=&#8220;#666&#8243; text_font_size=&#8220;16px&#8220; text_line_height=&#8220;1.8em&#8220; text_orientation=&#8220;center&#8220; module_alignment=&#8220;center&#8220; custom_margin=&#8220;25px|||&#8220; animation_style=&#8220;fade&#8220;]<\/p>\n<p>Wir realisieren und malen einzigartige und raffinierte Keramikmanufakturen nach den alten Techniken und Traditionen der Kunst der toskanischen T\u00f6pfer und Keramiker.<\/p>\n<p>Jedes Produkt l\u00e4uft durch drei Phasen: Herstellung des Objekts mit einer Drechslerbank oder mit der Hand und Trocknung; das Biskuitbrennen bei ca. 980 \u00b0; Glasieren, Malen mit besonderen Farben, Kristallisation und Brennen bei niedriger Temperatur.<\/p>\n<p>[\/et_pb_text][et_pb_button button_url=&#8220;\/de\/herstellung-von-keramikobjekten&#8220; button_text=&#8220;FIND MAL HERAUS&#8220; button_alignment=&#8220;center&#8220; _builder_version=&#8220;4.9.1&#8243; button_icon=&#8220;%%3%%&#8220; custom_margin=&#8220;20px|||&#8220; animation_style=&#8220;fade&#8220; hover_enabled=&#8220;0&#8243; locked=&#8220;off&#8220; button_text_size__hover_enabled=&#8220;off&#8220; button_one_text_size__hover_enabled=&#8220;off&#8220; button_two_text_size__hover_enabled=&#8220;off&#8220; button_text_color__hover_enabled=&#8220;off&#8220; button_one_text_color__hover_enabled=&#8220;off&#8220; button_two_text_color__hover_enabled=&#8220;off&#8220; button_border_width__hover_enabled=&#8220;off&#8220; button_one_border_width__hover_enabled=&#8220;off&#8220; button_two_border_width__hover_enabled=&#8220;off&#8220; button_border_color__hover_enabled=&#8220;off&#8220; button_one_border_color__hover_enabled=&#8220;off&#8220; button_two_border_color__hover_enabled=&#8220;off&#8220; button_border_radius__hover_enabled=&#8220;off&#8220; button_one_border_radius__hover_enabled=&#8220;off&#8220; button_two_border_radius__hover_enabled=&#8220;off&#8220; button_letter_spacing__hover_enabled=&#8220;off&#8220; button_one_letter_spacing__hover_enabled=&#8220;off&#8220; button_two_letter_spacing__hover_enabled=&#8220;off&#8220; button_bg_color__hover_enabled=&#8220;off&#8220; button_one_bg_color__hover_enabled=&#8220;off&#8220; button_two_bg_color__hover_enabled=&#8220;off&#8220; sticky_enabled=&#8220;0&#8243;][\/et_pb_button][\/et_pb_column][et_pb_column type=&#8220;1_2&#8243; _builder_version=&#8220;4.6.1&#8243; background_color=&#8220;#fff9f2&#8243; custom_padding=&#8220;5%|5%|5%|5%|true|true&#8220; custom_padding_tablet=&#8220;15%|5%|15%|5%|true|true&#8220; custom_padding_phone=&#8220;&#8220; custom_padding_last_edited=&#8220;on|tablet&#8220; custom_padding__hover=&#8220;|||&#8220;][et_pb_text admin_label=&#8220;Title&#8220; _builder_version=&#8220;4.6.5&#8243; text_font=&#8220;||||||||&#8220; header_font=&#8220;||||||||&#8220; header_2_font=&#8220;|600|||||||&#8220; header_2_text_align=&#8220;center&#8220; header_2_font_size=&#8220;36px&#8220; header_2_line_height=&#8220;1.2em&#8220; text_orientation=&#8220;center&#8220; module_alignment=&#8220;center&#8220; custom_margin=&#8220;||0px|&#8220; custom_padding=&#8220;|||&#8220; animation_style=&#8220;fade&#8220; locked=&#8220;off&#8220;]<\/p>\n<h2>Herstellung von Porzellan oder Steinzeug<\/h2>\n<p>[\/et_pb_text][et_pb_divider divider_position=&#8220;center&#8220; divider_weight=&#8220;3px&#8220; _builder_version=&#8220;3.2&#8243; max_width=&#8220;50px&#8220; module_alignment=&#8220;center&#8220; animation_style=&#8220;slide&#8220; animation_direction=&#8220;top&#8220; animation_intensity_slide=&#8220;10%&#8220; animation_starting_opacity=&#8220;100%&#8220; locked=&#8220;off&#8220;][\/et_pb_divider][et_pb_text _builder_version=&#8220;4.6.5&#8243; text_font=&#8220;Poppins||||||||&#8220; text_text_color=&#8220;#666&#8243; text_font_size=&#8220;16px&#8220; text_line_height=&#8220;1.8em&#8220; text_orientation=&#8220;center&#8220; module_alignment=&#8220;center&#8220; custom_margin=&#8220;25px|||&#8220; animation_style=&#8220;fade&#8220;]<\/p>\n<p>Wir realisieren und malen originelle und elegante Porzellan oder Steinzeugprodukte nach den alten Techniken und Traditionen der Kunst der toskanischen T\u00f6pfer und Keramiker.<\/p>\n<p>Jedes Produkt l\u00e4uft durch drei Phasen: Zubereitung des Teigs durch eine sorgf\u00e4ltige Mischung aus Porzellan oder Steinzeug in Pulver und Wasser, Gie\u00dfen der fl\u00fcssige Teig in Formen und Trocknung; das Biskuitbrennen bei 980\u00b0; Malerei mit Glasur und besonderen Farben und endlich Brennen mit Hochtemperatur (1280\u00b0).<\/p>\n<p>[\/et_pb_text][et_pb_button button_url=&#8220;\/de\/herstellung-von-porzellanobjekten&#8220; button_text=&#8220;FIND MAL HERAUS&#8220; button_alignment=&#8220;center&#8220; _builder_version=&#8220;4.9.1&#8243; button_icon=&#8220;%%3%%&#8220; custom_margin=&#8220;20px|||&#8220; animation_style=&#8220;fade&#8220; hover_enabled=&#8220;0&#8243; locked=&#8220;off&#8220; button_text_size__hover_enabled=&#8220;off&#8220; button_one_text_size__hover_enabled=&#8220;off&#8220; button_two_text_size__hover_enabled=&#8220;off&#8220; button_text_color__hover_enabled=&#8220;off&#8220; button_one_text_color__hover_enabled=&#8220;off&#8220; button_two_text_color__hover_enabled=&#8220;off&#8220; button_border_width__hover_enabled=&#8220;off&#8220; button_one_border_width__hover_enabled=&#8220;off&#8220; button_two_border_width__hover_enabled=&#8220;off&#8220; button_border_color__hover_enabled=&#8220;off&#8220; button_one_border_color__hover_enabled=&#8220;off&#8220; button_two_border_color__hover_enabled=&#8220;off&#8220; button_border_radius__hover_enabled=&#8220;off&#8220; button_one_border_radius__hover_enabled=&#8220;off&#8220; button_two_border_radius__hover_enabled=&#8220;off&#8220; button_letter_spacing__hover_enabled=&#8220;off&#8220; button_one_letter_spacing__hover_enabled=&#8220;off&#8220; button_two_letter_spacing__hover_enabled=&#8220;off&#8220; button_bg_color__hover_enabled=&#8220;off&#8220; button_one_bg_color__hover_enabled=&#8220;off&#8220; button_two_bg_color__hover_enabled=&#8220;off&#8220; sticky_enabled=&#8220;0&#8243;][\/et_pb_button][\/et_pb_column][\/et_pb_row][\/et_pb_section]<\/p>\n","protected":false},"excerpt":{"rendered":"<p>Bottega d&#8217;arte&#8220; Wir lieben zu erschaffen, was uns die Fantasie vorschlagt &#8222;Bottega d\u2019arte wurde im August 2000 im Kerngebiet von Montalcino aus Agnese Andreuccis Leidenschaft f\u00fcr Keramik hervorgebracht, die in diesem Bereich ihre tiefsten Wurzeln hat. Tats\u00e4chlich stellten die Etrusker genau in der Toskana wertvolle Keramik her, die als &#8222;Bucchero&#8220; bezeichnet wurden. Diese wurden im [&hellip;]<\/p>\n","protected":false},"author":1,"featured_media":0,"parent":0,"menu_order":0,"comment_status":"closed","ping_status":"closed","template":"","meta":{"_et_pb_use_builder":"on","_et_pb_old_content":"","_et_gb_content_width":"","inline_featured_image":false,"_glsr_average":0,"_glsr_ranking":0,"_glsr_reviews":0,"footnotes":""},"class_list":["post-3450","page","type-page","status-publish","hentry"],"_links":{"self":[{"href":"https:\/\/montalcinoceramiche.it\/de\/wp-json\/wp\/v2\/pages\/3450","targetHints":{"allow":["GET"]}}],"collection":[{"href":"https:\/\/montalcinoceramiche.it\/de\/wp-json\/wp\/v2\/pages"}],"about":[{"href":"https:\/\/montalcinoceramiche.it\/de\/wp-json\/wp\/v2\/types\/page"}],"author":[{"embeddable":true,"href":"https:\/\/montalcinoceramiche.it\/de\/wp-json\/wp\/v2\/users\/1"}],"replies":[{"embeddable":true,"href":"https:\/\/montalcinoceramiche.it\/de\/wp-json\/wp\/v2\/comments?post=3450"}],"version-history":[{"count":7,"href":"https:\/\/montalcinoceramiche.it\/de\/wp-json\/wp\/v2\/pages\/3450\/revisions"}],"predecessor-version":[{"id":4430,"href":"https:\/\/montalcinoceramiche.it\/de\/wp-json\/wp\/v2\/pages\/3450\/revisions\/4430"}],"wp:attachment":[{"href":"https:\/\/montalcinoceramiche.it\/de\/wp-json\/wp\/v2\/media?parent=3450"}],"curies":[{"name":"wp","href":"https:\/\/api.w.org\/{rel}","templated":true}]}}