{"id":3464,"date":"2021-02-24T16:59:08","date_gmt":"2021-02-24T15:59:08","guid":{"rendered":"https:\/\/montalcinoceramiche.it\/herstellung-von-porzellanobjekten\/"},"modified":"2021-02-24T16:59:09","modified_gmt":"2021-02-24T15:59:09","slug":"herstellung-von-porzellanobjekten","status":"publish","type":"page","link":"https:\/\/montalcinoceramiche.it\/de\/herstellung-von-porzellanobjekten\/","title":{"rendered":"Herstellung von Porzellanobjekten"},"content":{"rendered":"<p>[et_pb_section fb_built=&#8220;1&#8243; next_background_color=&#8220;#ffffff&#8220; admin_label=&#8220;Hero Section&#8220; _builder_version=&#8220;4.6.5&#8243; use_background_color_gradient=&#8220;on&#8220; background_color_gradient_start=&#8220;rgba(0,0,0,0.16)&#8220; background_color_gradient_end=&#8220;rgba(0,0,0,0)&#8220; background_color_gradient_direction=&#8220;120deg&#8220; background_color_gradient_overlays_image=&#8220;on&#8220; background_image=&#8220;https:\/\/montalcinoceramiche.it\/wp-content\/uploads\/2020\/10\/WhatsApp-Image-2020-09-30-at-15.48.40-1.jpeg&#8220; background_position=&#8220;top_center&#8220; custom_margin=&#8220;||||false|false&#8220; custom_padding=&#8220;||48px||false|false&#8220; bottom_divider_style=&#8220;wave&#8220; bottom_divider_height=&#8220;70px&#8220; custom_css_main_element=&#8220;background-position:50% 40%!Important&#8220;][et_pb_row column_structure=&#8220;3_4,1_4&#8243; admin_label=&#8220;Hero Area&#8220; _builder_version=&#8220;3.25&#8243;][et_pb_column type=&#8220;3_4&#8243; _builder_version=&#8220;3.25&#8243; custom_padding=&#8220;|||&#8220; custom_padding__hover=&#8220;|||&#8220;][et_pb_text admin_label=&#8220;Title&#8220; _builder_version=&#8220;4.6.5&#8243; text_font=&#8220;||||||||&#8220; header_font=&#8220;|600|||||||&#8220; header_font_size=&#8220;60px&#8220; header_line_height=&#8220;1.2em&#8220; background_layout=&#8220;dark&#8220; animation_style=&#8220;fade&#8220; header_font_size_tablet=&#8220;&#8220; header_font_size_phone=&#8220;40px&#8220; header_font_size_last_edited=&#8220;on|phone&#8220;]<\/p>\n<h1>Herstellung von Porzellanobjekten<\/h1>\n<p>[\/et_pb_text][\/et_pb_column][et_pb_column type=&#8220;1_4&#8243; _builder_version=&#8220;3.25&#8243; custom_padding=&#8220;|||&#8220; custom_padding__hover=&#8220;|||&#8220;][\/et_pb_column][\/et_pb_row][\/et_pb_section][et_pb_section fb_built=&#8220;1&#8243; admin_label=&#8220;Shop Section&#8220; _builder_version=&#8220;3.22&#8243; custom_padding=&#8220;90px||90px||true|&#8220;][et_pb_row _builder_version=&#8220;4.6.5&#8243; _module_preset=&#8220;default&#8220;][et_pb_column type=&#8220;4_4&#8243; _builder_version=&#8220;4.6.5&#8243; _module_preset=&#8220;default&#8220;][et_pb_text _builder_version=&#8220;4.6.5&#8243; _module_preset=&#8220;default&#8220; text_font_size=&#8220;18px&#8220; header_3_line_height=&#8220;1.4em&#8220;]<\/p>\n<p>Um hohe Qualit\u00e4tsstandards zu gew\u00e4hrleisten, folgt jedes Produkt einem pr\u00e4zise Herstellungsprozess, und zwar:<\/p>\n<p>[\/et_pb_text][\/et_pb_column][\/et_pb_row][et_pb_row column_structure=&#8220;1_2,1_2&#8243; disabled_on=&#8220;on|on|off&#8220; module_id=&#8220;impasto-p&#8220; _builder_version=&#8220;4.6.1&#8243; _module_preset=&#8220;default&#8220;][et_pb_column type=&#8220;1_2&#8243; _builder_version=&#8220;4.6.5&#8243; _module_preset=&#8220;default&#8220;][et_pb_image src=&#8220;https:\/\/montalcinoceramiche.it\/wp-content\/uploads\/2020\/10\/WhatsApp-Image-2020-09-30-at-15.48.38-1.jpeg&#8220; title_text=&#8220;WhatsApp Image 2020-09-30 at 15.48.38 (1)&#8220; _builder_version=&#8220;4.6.1&#8243; _module_preset=&#8220;default&#8220;][\/et_pb_image][\/et_pb_column][et_pb_column type=&#8220;1_2&#8243; _builder_version=&#8220;4.6.5&#8243; _module_preset=&#8220;default&#8220;][et_pb_text _builder_version=&#8220;4.6.5&#8243; _module_preset=&#8220;default&#8220; text_font_size=&#8220;16px&#8220; text_line_height=&#8220;1.8em&#8220; header_2_line_height=&#8220;1.4em&#8220;]<\/p>\n<h2>Zubereitung des Teigs<\/h2>\n<p>Das Porzellan oder Steinzeug in Pulver wird sorgf\u00e4ltig mit Wasser gemischt, um ein fl\u00fcssiger Teig zu erhalten, die dann direkt in die Formen durchgelaufen wird. Das Produkt wird dann etwa 3 Tage trocknen gelassen.<\/p>\n<p>[\/et_pb_text][et_pb_image src=&#8220;https:\/\/montalcinoceramiche.it\/wp-content\/uploads\/2020\/11\/icone-03.png&#8220; title_text=&#8220;icone-03&#8243; _builder_version=&#8220;4.6.1&#8243; _module_preset=&#8220;default&#8220; positioning=&#8220;relative&#8220; vertical_offset=&#8220;-221px&#8220; horizontal_offset=&#8220;432px&#8220; z_index=&#8220;-211&#8243; width=&#8220;18%&#8220; scroll_blur_enable=&#8220;on&#8220;][\/et_pb_image][\/et_pb_column][\/et_pb_row][et_pb_row column_structure=&#8220;1_2,1_2&#8243; disabled_on=&#8220;off|off|on&#8220; module_id=&#8220;impasto-p&#8220; _builder_version=&#8220;4.6.1&#8243; _module_preset=&#8220;default&#8220;][et_pb_column type=&#8220;1_2&#8243; _builder_version=&#8220;4.6.5&#8243; _module_preset=&#8220;default&#8220;][et_pb_image src=&#8220;https:\/\/montalcinoceramiche.it\/wp-content\/uploads\/2020\/10\/WhatsApp-Image-2020-09-30-at-15.48.38-1.jpeg&#8220; title_text=&#8220;WhatsApp Image 2020-09-30 at 15.48.38 (1)&#8220; _builder_version=&#8220;4.6.1&#8243; _module_preset=&#8220;default&#8220;][\/et_pb_image][\/et_pb_column][et_pb_column type=&#8220;1_2&#8243; _builder_version=&#8220;4.6.5&#8243; _module_preset=&#8220;default&#8220;][et_pb_image src=&#8220;https:\/\/montalcinoceramiche.it\/wp-content\/uploads\/2020\/11\/icone-03.png&#8220; title_text=&#8220;icone-03&#8243; _builder_version=&#8220;4.6.1&#8243; _module_preset=&#8220;default&#8220; vertical_offset=&#8220;-221px&#8220; horizontal_offset=&#8220;432px&#8220; z_index=&#8220;-211&#8243; width=&#8220;18%&#8220; scroll_blur_enable=&#8220;on&#8220;][\/et_pb_image][et_pb_text _builder_version=&#8220;4.6.1&#8243; _module_preset=&#8220;default&#8220; text_font_size=&#8220;16px&#8220; text_line_height=&#8220;1.8em&#8220; header_2_line_height=&#8220;1.4em&#8220; custom_margin=&#8220;-50px||||false|false&#8220;]<\/p>\n<h2>Zubereitung des Teigs<\/h2>\n<p>Das Porzellan oder Steinzeug in Pulver wird sorgf\u00e4ltig mit Wasser gemischt, um ein fl\u00fcssiger Teig zu erhalten, die dann direkt in die Formen durchgelaufen wird. Das Produkt wird dann etwa 3 Tage trocknen gelassen.<\/p>\n<p>[\/et_pb_text][\/et_pb_column][\/et_pb_row][et_pb_row column_structure=&#8220;1_2,1_2&#8243; disabled_on=&#8220;on|on|off&#8220; module_id=&#8220;cottura-p&#8220; _builder_version=&#8220;4.6.1&#8243; _module_preset=&#8220;default&#8220;][et_pb_column type=&#8220;1_2&#8243; _builder_version=&#8220;4.6.5&#8243; _module_preset=&#8220;default&#8220;][et_pb_text _builder_version=&#8220;4.6.5&#8243; _module_preset=&#8220;default&#8220; text_font_size=&#8220;16px&#8220; text_line_height=&#8220;1.8em&#8220; header_2_line_height=&#8220;1.4em&#8220; text_orientation=&#8220;right&#8220;]<\/p>\n<h2>Biskuit brennen<\/h2>\n<p>Das Objekt l\u00e4uft durch ein erstes Brennen namens &#8222;a biscotto&#8220; und wird einer Temperatur von 980\u00b0 unterzogen.<\/p>\n<p>[\/et_pb_text][et_pb_image src=&#8220;https:\/\/montalcinoceramiche.it\/wp-content\/uploads\/2020\/11\/icone-04.png&#8220; title_text=&#8220;icone-04&#8243; _builder_version=&#8220;4.6.1&#8243; _module_preset=&#8220;default&#8220; positioning=&#8220;relative&#8220; vertical_offset=&#8220;-197px&#8220; horizontal_offset=&#8220;-8px&#8220; width=&#8220;20%&#8220; scroll_blur_enable=&#8220;on&#8220;][\/et_pb_image][\/et_pb_column][et_pb_column type=&#8220;1_2&#8243; _builder_version=&#8220;4.6.5&#8243; _module_preset=&#8220;default&#8220;][et_pb_image src=&#8220;https:\/\/montalcinoceramiche.it\/wp-content\/uploads\/2020\/10\/bottega-darte2.jpg&#8220; title_text=&#8220;bottega-d&#8217;arte2&#8243; _builder_version=&#8220;4.6.1&#8243; _module_preset=&#8220;default&#8220;][\/et_pb_image][\/et_pb_column][\/et_pb_row][et_pb_row column_structure=&#8220;1_2,1_2&#8243; disabled_on=&#8220;off|off|on&#8220; module_id=&#8220;cottura-p&#8220; _builder_version=&#8220;4.6.1&#8243; _module_preset=&#8220;default&#8220;][et_pb_column type=&#8220;1_2&#8243; _builder_version=&#8220;4.6.5&#8243; _module_preset=&#8220;default&#8220;][et_pb_image src=&#8220;https:\/\/montalcinoceramiche.it\/wp-content\/uploads\/2020\/10\/bottega-darte2.jpg&#8220; title_text=&#8220;bottega-d&#8217;arte2&#8243; _builder_version=&#8220;4.6.1&#8243; _module_preset=&#8220;default&#8220;][\/et_pb_image][\/et_pb_column][et_pb_column type=&#8220;1_2&#8243; _builder_version=&#8220;4.6.5&#8243; _module_preset=&#8220;default&#8220;][et_pb_image src=&#8220;https:\/\/montalcinoceramiche.it\/wp-content\/uploads\/2020\/11\/icone-04.png&#8220; title_text=&#8220;icone-04&#8243; _builder_version=&#8220;4.6.1&#8243; _module_preset=&#8220;default&#8220; vertical_offset=&#8220;-197px&#8220; horizontal_offset=&#8220;-8px&#8220; width=&#8220;20%&#8220; scroll_blur_enable=&#8220;on&#8220;][\/et_pb_image][et_pb_text _builder_version=&#8220;4.6.1&#8243; _module_preset=&#8220;default&#8220; text_font_size=&#8220;16px&#8220; text_line_height=&#8220;1.8em&#8220; header_2_line_height=&#8220;1.4em&#8220; custom_margin=&#8220;-50px||||false|false&#8220;]<\/p>\n<h2>Biskuit brennen<\/h2>\n<p>Das Objekt l\u00e4uft durch ein erstes Brennen namens &#8222;a biscotto&#8220; und wird einer Temperatur von 980\u00b0 unterzogen.<\/p>\n<p>[\/et_pb_text][\/et_pb_column][\/et_pb_row][et_pb_row column_structure=&#8220;1_2,1_2&#8243; disabled_on=&#8220;on|on|off&#8220; module_id=&#8220;decorazione-p&#8220; _builder_version=&#8220;4.6.1&#8243; _module_preset=&#8220;default&#8220;][et_pb_column type=&#8220;1_2&#8243; _builder_version=&#8220;4.6.5&#8243; _module_preset=&#8220;default&#8220;][et_pb_image src=&#8220;https:\/\/montalcinoceramiche.it\/wp-content\/uploads\/2020\/10\/bottega-darte4.jpg&#8220; title_text=&#8220;bottega-d&#8217;arte4&#8243; _builder_version=&#8220;4.6.1&#8243; _module_preset=&#8220;default&#8220;][\/et_pb_image][\/et_pb_column][et_pb_column type=&#8220;1_2&#8243; _builder_version=&#8220;4.6.5&#8243; _module_preset=&#8220;default&#8220;][et_pb_text _builder_version=&#8220;4.6.5&#8243; _module_preset=&#8220;default&#8220; text_font_size=&#8220;16px&#8220; text_line_height=&#8220;1.8em&#8220; header_2_line_height=&#8220;1.4em&#8220;]<\/p>\n<h2>Glasur <\/h2>\n<p>Das Produkt wird mit der Hand mit Glasur und Farben gemalt, die frei von Nickel, Blei, Cadmium und schweren Materialien sind, so dass f\u00fcr die Verwendung in Lebensmitteln geeignet und sicher sind. Sobald der \u00e4sthetische Aspekt fertig ist, wird das Produkt bei einer hohen Temperatur (1280\u00b0 C) gebrannt, um ihm Festigkeit und H\u00e4rte zu verleihen.<\/p>\n<p>[\/et_pb_text][et_pb_image src=&#8220;https:\/\/montalcinoceramiche.it\/wp-content\/uploads\/2020\/11\/icone-05.png&#8220; title_text=&#8220;icone-05&#8243; _builder_version=&#8220;4.6.1&#8243; _module_preset=&#8220;default&#8220; positioning=&#8220;relative&#8220; vertical_offset=&#8220;-256px&#8220; horizontal_offset=&#8220;412px&#8220; width=&#8220;20%&#8220; scroll_blur_enable=&#8220;on&#8220;][\/et_pb_image][\/et_pb_column][\/et_pb_row][et_pb_row column_structure=&#8220;1_2,1_2&#8243; disabled_on=&#8220;off|off|on&#8220; module_id=&#8220;decorazione-p&#8220; _builder_version=&#8220;4.6.1&#8243; _module_preset=&#8220;default&#8220;][et_pb_column type=&#8220;1_2&#8243; _builder_version=&#8220;4.6.5&#8243; _module_preset=&#8220;default&#8220;][et_pb_image src=&#8220;https:\/\/montalcinoceramiche.it\/wp-content\/uploads\/2020\/10\/bottega-darte4.jpg&#8220; title_text=&#8220;bottega-d&#8217;arte4&#8243; _builder_version=&#8220;4.6.1&#8243; _module_preset=&#8220;default&#8220;][\/et_pb_image][\/et_pb_column][et_pb_column type=&#8220;1_2&#8243; _builder_version=&#8220;4.6.5&#8243; _module_preset=&#8220;default&#8220;][et_pb_image src=&#8220;https:\/\/montalcinoceramiche.it\/wp-content\/uploads\/2020\/11\/icone-05.png&#8220; title_text=&#8220;icone-05&#8243; disabled_on=&#8220;off|off|off&#8220; _builder_version=&#8220;4.6.1&#8243; _module_preset=&#8220;default&#8220; vertical_offset=&#8220;-256px&#8220; horizontal_offset=&#8220;412px&#8220; width=&#8220;20%&#8220; scroll_blur_enable=&#8220;on&#8220;][\/et_pb_image][et_pb_text _builder_version=&#8220;4.6.1&#8243; _module_preset=&#8220;default&#8220; text_font_size=&#8220;16px&#8220; text_line_height=&#8220;1.8em&#8220; header_2_line_height=&#8220;1.4em&#8220; custom_margin=&#8220;-50px||||false|false&#8220;]<\/p>\n<h2>Glasur <\/h2>\n<p>Das Produkt wird mit der Hand mit Glasur und Farben gemalt, die frei von Nickel, Blei, Cadmium und schweren Materialien sind, so dass f\u00fcr die Verwendung in Lebensmitteln geeignet und sicher sind. Sobald der \u00e4sthetische Aspekt fertig ist, wird das Produkt bei einer hohen Temperatur (1280\u00b0 C) gebrannt, um ihm Festigkeit und H\u00e4rte zu verleihen.<\/p>\n<p>[\/et_pb_text][\/et_pb_column][\/et_pb_row][\/et_pb_section][et_pb_section fb_built=&#8220;1&#8243; admin_label=&#8220;About Section&#8220; _builder_version=&#8220;4.6.1&#8243; custom_padding=&#8220;0px||0px|&#8220; hover_enabled=&#8220;0&#8243; box_shadow_style=&#8220;preset1&#8243; box_shadow_blur=&#8220;25px&#8220; box_shadow_color=&#8220;rgba(0,0,0,0.12)&#8220; background_color=&#8220;#fff9f2&#8243; sticky_enabled=&#8220;0&#8243;][et_pb_row admin_label=&#8220;About Area&#8220; _builder_version=&#8220;4.6.1&#8243; custom_padding=&#8220;0px||0px|&#8220; hover_enabled=&#8220;0&#8243; use_custom_width=&#8220;on&#8220; width_unit=&#8220;off&#8220; custom_width_percent=&#8220;100%&#8220; sticky_enabled=&#8220;0&#8243;][et_pb_column type=&#8220;4_4&#8243; _builder_version=&#8220;4.6.1&#8243; custom_padding=&#8220;5%|5%|5%|5%|true|true&#8220; hover_enabled=&#8220;0&#8243; custom_padding__hover=&#8220;|||&#8220; sticky_enabled=&#8220;0&#8243;][et_pb_text admin_label=&#8220;Title&#8220; _builder_version=&#8220;4.6.5&#8243; text_font=&#8220;||||||||&#8220; header_font=&#8220;||||||||&#8220; header_2_font=&#8220;|600|||||||&#8220; header_2_text_align=&#8220;center&#8220; header_2_font_size=&#8220;36px&#8220; header_2_line_height=&#8220;1.2em&#8220; text_orientation=&#8220;center&#8220; module_alignment=&#8220;center&#8220; custom_margin=&#8220;||0px|&#8220; custom_padding=&#8220;|||&#8220; animation_style=&#8220;fade&#8220; animation_direction=&#8220;top&#8220;]<\/p>\n<h2>Herstellung von Keramikgegenst\u00e4nden <\/h2>\n<p>[\/et_pb_text][et_pb_divider divider_position=&#8220;center&#8220; divider_weight=&#8220;3px&#8220; _builder_version=&#8220;3.2&#8243; max_width=&#8220;50px&#8220; module_alignment=&#8220;center&#8220; animation_style=&#8220;slide&#8220; animation_direction=&#8220;top&#8220; animation_intensity_slide=&#8220;10%&#8220; animation_starting_opacity=&#8220;100%&#8220;][\/et_pb_divider][et_pb_text _builder_version=&#8220;4.6.5&#8243; text_font=&#8220;Poppins||||||||&#8220; text_text_color=&#8220;#666&#8243; text_font_size=&#8220;16px&#8220; text_line_height=&#8220;1.8em&#8220; text_orientation=&#8220;center&#8220; module_alignment=&#8220;center&#8220; custom_margin=&#8220;25px|||&#8220; animation_style=&#8220;fade&#8220;]<\/p>\n<p>Wir realisieren und malen einzigartige und raffinierte Keramikmanufakturen nach den alten Techniken und Traditionen der Kunst der toskanischen T\u00f6pfer und Keramiker.<\/p>\n<p>Jedes Produkt l\u00e4uft durch drei Phasen: Herstellung des Objekts mit einer Drechslerbank oder mit der Hand und Trocknung; das Biskuitbrennen bei ca. 980 \u00b0; Glasieren, Malen mit besonderen Farben, Kristallisation und Brennen bei niedriger Temperatur.<\/p>\n<p>[\/et_pb_text][et_pb_button button_url=&#8220;https:\/\/montalcinoceramiche.it\/de\/herstellung-von-keramikobjekten\/&#8220; button_text=&#8220;FIND MAL HERAUS&#8220; button_alignment=&#8220;center&#8220; _builder_version=&#8220;4.6.1&#8243; button_icon=&#8220;%%3%%&#8220; custom_margin=&#8220;20px|||&#8220; animation_style=&#8220;fade&#8220; locked=&#8220;off&#8220; button_text_size__hover_enabled=&#8220;off&#8220; button_one_text_size__hover_enabled=&#8220;off&#8220; button_two_text_size__hover_enabled=&#8220;off&#8220; button_text_color__hover_enabled=&#8220;off&#8220; button_one_text_color__hover_enabled=&#8220;off&#8220; button_two_text_color__hover_enabled=&#8220;off&#8220; button_border_width__hover_enabled=&#8220;off&#8220; button_one_border_width__hover_enabled=&#8220;off&#8220; button_two_border_width__hover_enabled=&#8220;off&#8220; button_border_color__hover_enabled=&#8220;off&#8220; button_one_border_color__hover_enabled=&#8220;off&#8220; button_two_border_color__hover_enabled=&#8220;off&#8220; button_border_radius__hover_enabled=&#8220;off&#8220; button_one_border_radius__hover_enabled=&#8220;off&#8220; button_two_border_radius__hover_enabled=&#8220;off&#8220; button_letter_spacing__hover_enabled=&#8220;off&#8220; button_one_letter_spacing__hover_enabled=&#8220;off&#8220; button_two_letter_spacing__hover_enabled=&#8220;off&#8220; button_bg_color__hover_enabled=&#8220;off&#8220; button_one_bg_color__hover_enabled=&#8220;off&#8220; button_two_bg_color__hover_enabled=&#8220;off&#8220;][\/et_pb_button][\/et_pb_column][\/et_pb_row][\/et_pb_section]<\/p>\n","protected":false},"excerpt":{"rendered":"<p>Herstellung von PorzellanobjektenUm hohe Qualit\u00e4tsstandards zu gew\u00e4hrleisten, folgt jedes Produkt einem pr\u00e4zise Herstellungsprozess, und zwar:Zubereitung des Teigs Das Porzellan oder Steinzeug in Pulver wird sorgf\u00e4ltig mit Wasser gemischt, um ein fl\u00fcssiger Teig zu erhalten, die dann direkt in die Formen durchgelaufen wird. Das Produkt wird dann etwa 3 Tage trocknen gelassen.Zubereitung des Teigs Das Porzellan [&hellip;]<\/p>\n","protected":false},"author":1,"featured_media":0,"parent":0,"menu_order":0,"comment_status":"closed","ping_status":"closed","template":"","meta":{"_et_pb_use_builder":"on","_et_pb_old_content":"","_et_gb_content_width":"","inline_featured_image":false,"_glsr_average":0,"_glsr_ranking":0,"_glsr_reviews":0,"footnotes":""},"class_list":["post-3464","page","type-page","status-publish","hentry"],"_links":{"self":[{"href":"https:\/\/montalcinoceramiche.it\/de\/wp-json\/wp\/v2\/pages\/3464","targetHints":{"allow":["GET"]}}],"collection":[{"href":"https:\/\/montalcinoceramiche.it\/de\/wp-json\/wp\/v2\/pages"}],"about":[{"href":"https:\/\/montalcinoceramiche.it\/de\/wp-json\/wp\/v2\/types\/page"}],"author":[{"embeddable":true,"href":"https:\/\/montalcinoceramiche.it\/de\/wp-json\/wp\/v2\/users\/1"}],"replies":[{"embeddable":true,"href":"https:\/\/montalcinoceramiche.it\/de\/wp-json\/wp\/v2\/comments?post=3464"}],"version-history":[{"count":2,"href":"https:\/\/montalcinoceramiche.it\/de\/wp-json\/wp\/v2\/pages\/3464\/revisions"}],"predecessor-version":[{"id":3466,"href":"https:\/\/montalcinoceramiche.it\/de\/wp-json\/wp\/v2\/pages\/3464\/revisions\/3466"}],"wp:attachment":[{"href":"https:\/\/montalcinoceramiche.it\/de\/wp-json\/wp\/v2\/media?parent=3464"}],"curies":[{"name":"wp","href":"https:\/\/api.w.org\/{rel}","templated":true}]}}