{"id":3485,"date":"2021-02-24T17:18:40","date_gmt":"2021-02-24T16:18:40","guid":{"rendered":"https:\/\/montalcinoceramiche.it\/verkaufsbedingungen\/"},"modified":"2021-02-24T17:18:42","modified_gmt":"2021-02-24T16:18:42","slug":"verkaufsbedingungen","status":"publish","type":"page","link":"https:\/\/montalcinoceramiche.it\/de\/verkaufsbedingungen\/","title":{"rendered":"Verkaufsbedingungen"},"content":{"rendered":"<p>[et_pb_section fb_built=&#8220;1&#8243; next_background_color=&#8220;#ffffff&#8220; admin_label=&#8220;Hero Section&#8220; _builder_version=&#8220;4.6.5&#8243; use_background_color_gradient=&#8220;on&#8220; background_color_gradient_start=&#8220;rgba(0,0,0,0.16)&#8220; background_color_gradient_end=&#8220;rgba(0,0,0,0)&#8220; background_color_gradient_direction=&#8220;120deg&#8220; background_color_gradient_overlays_image=&#8220;on&#8220; background_image=&#8220;https:\/\/montalcinoceramiche.it\/wp-content\/uploads\/2020\/10\/WhatsApp-Image-2020-09-30-at-15.48.39.jpeg&#8220; custom_margin=&#8220;||||false|false&#8220; custom_padding=&#8220;||48px||false|false&#8220; bottom_divider_style=&#8220;wave&#8220; bottom_divider_height=&#8220;70px&#8220;][et_pb_row column_structure=&#8220;1_2,1_2&#8243; admin_label=&#8220;Hero Area&#8220; _builder_version=&#8220;3.25&#8243;][et_pb_column type=&#8220;1_2&#8243; _builder_version=&#8220;3.25&#8243; custom_padding=&#8220;|||&#8220; custom_padding__hover=&#8220;|||&#8220;][et_pb_text admin_label=&#8220;Title&#8220; _builder_version=&#8220;4.6.1&#8243; text_font=&#8220;||||||||&#8220; header_font=&#8220;|600|||||||&#8220; header_font_size=&#8220;60px&#8220; header_line_height=&#8220;1.2em&#8220; background_layout=&#8220;dark&#8220; animation_style=&#8220;fade&#8220; header_font_size_tablet=&#8220;&#8220; header_font_size_phone=&#8220;40px&#8220; header_font_size_last_edited=&#8220;on|phone&#8220;]<\/p>\n<h1>Verkaufsbedingungen<\/h1>\n<p>[\/et_pb_text][\/et_pb_column][et_pb_column type=&#8220;1_2&#8243; _builder_version=&#8220;3.25&#8243; custom_padding=&#8220;|||&#8220; custom_padding__hover=&#8220;|||&#8220;][\/et_pb_column][\/et_pb_row][\/et_pb_section][et_pb_section fb_built=&#8220;1&#8243; admin_label=&#8220;section&#8220; _builder_version=&#8220;3.22&#8243; custom_padding=&#8220;60px|||||&#8220;][et_pb_row _builder_version=&#8220;4.6.1&#8243; _module_preset=&#8220;default&#8220;][et_pb_column type=&#8220;4_4&#8243; _builder_version=&#8220;4.6.1&#8243; _module_preset=&#8220;default&#8220;][et_pb_text _builder_version=&#8220;4.6.1&#8243; _module_preset=&#8220;default&#8220; hover_enabled=&#8220;0&#8243; sticky_enabled=&#8220;0&#8243;]<\/p>\n<h1>Transport<\/h1>\n<p>Wir versenden unsere Qualit\u00e4tskeramik und Porzellan weltweit. Offensichtlich werden wie besonderes Augenmerk auf die Verpackung legen. Um sicherzustellen, dass jedes Produkt den richtigen Schutz hat und in einwandfreiem Zustand am Bestimmungsort ankommt, bieten wir eine spezifische Verpackung an, die auf den Artikeln und der gew\u00e4hlten Versandart geeignet ist.<\/p>\n<p>Der Kunde bestellt beim Bottega d\u2019arte in Montalcino 53024 (SI) \u00fcber Boldrini 13.<\/p>\n<h1>Sendung<\/h1>\n<p>Die Lieferzeiten f\u00fcr bestellte Waren variieren je nach Verf\u00fcgbarkeit des Objekts in der Werkstatt.<\/p>\n<p>F\u00fcr den Versand verlassen wir uns auf die Firma Mail Boxes ect.<\/p>\n<p> <img loading=\"lazy\" decoding=\"async\" src=\"https:\/\/montalcinoceramiche.it\/wp-content\/uploads\/2020\/11\/mail-boxes-etc-300x85.jpg\" width=\"300\" height=\"85\" alt=\"\" class=\"wp-image-766 alignnone size-medium\"><\/p>\n<p>Die Lieferzeiten sind nur Richtwerte. Falls das Produkt in der Werkstatt verf\u00fcgbar ist, wird die bestellte Ware in einer variablen Zeit von 5 bis 15 Werktagen ab dem Zeitpunkt der Bestellung versendet. F\u00fcr den Fall, dass das Produkt nicht in der Werkstatt verf\u00fcgbar ist, aber noch hergestellt werden muss, wird die bestellte Ware in einer variablen Zeit von 30 bis 40 Werktagen ab dem Zeitpunkt der Bestellung versendet. Bei Sonderw\u00fcnschen k\u00f6nnen die Zeiten je nach Objekt variieren.<br \/> Die Versandkosten variieren je nach Gewicht und Volumen der verpackten Artikel und werden beim Kauf automatisch berechnet.<\/p>\n<p><strong>NB.<\/strong> Bei bestimmten Verpackungsvolumina kann es erforderlich sein, die Versandpreise von Bottega d&#8217;Arte anzupassen. Im diesen Fall wird Bottega d\u2019Arte Sie per E-Mail kontaktieren, um Sie \u00fcber die Preis\u00e4nderung der Sendung zu informieren.<br \/> Die Versandkosten sind vom Kunden zu tragen, auch wenn dieser die Ware ablehnt oder aus irgendeinem Grund die bestellte Ware an den Absender zur\u00fcckkommt.<\/p>\n<h1>Versicherung<\/h1>\n<p>Bottega d&#8217;Arte m\u00f6chte darauf hinweisen, dass alle Sendungen versichert sind.<br \/> Bei defekten Waren wird Bottega d\u2019arte das Produkt ersetzen. Damit dieser Zustand vorliegt, ist ein genauer fotografischer Nachweis des Schadens innerhalb von 5 Tagen nach Erhalt der Ware erforderlich.<br \/> Anschlie\u00dfend \u00fcberpr\u00fcfen wir das tats\u00e4chliche Ausma\u00df des Schadens und ersetzen das Objekt nach Feststellung des Schadens nach den vertraglichen Kriterien.<\/p>\n<h1>Bezahlverfahren<\/h1>\n<p>Der Kunde muss die Ware und den Versand in unserem E-Commerce per Kreditkarte im Voraus bezahlen.<\/p>\n<p>[\/et_pb_text][\/et_pb_column][\/et_pb_row][\/et_pb_section]<\/p>\n","protected":false},"excerpt":{"rendered":"<p>VerkaufsbedingungenTransport Wir versenden unsere Qualit\u00e4tskeramik und Porzellan weltweit. Offensichtlich werden wie besonderes Augenmerk auf die Verpackung legen. Um sicherzustellen, dass jedes Produkt den richtigen Schutz hat und in einwandfreiem Zustand am Bestimmungsort ankommt, bieten wir eine spezifische Verpackung an, die auf den Artikeln und der gew\u00e4hlten Versandart geeignet ist. Der Kunde bestellt beim Bottega d\u2019arte [&hellip;]<\/p>\n","protected":false},"author":1,"featured_media":0,"parent":0,"menu_order":0,"comment_status":"closed","ping_status":"closed","template":"","meta":{"_et_pb_use_builder":"on","_et_pb_old_content":"","_et_gb_content_width":"","inline_featured_image":false,"_glsr_average":0,"_glsr_ranking":0,"_glsr_reviews":0,"footnotes":""},"class_list":["post-3485","page","type-page","status-publish","hentry"],"_links":{"self":[{"href":"https:\/\/montalcinoceramiche.it\/de\/wp-json\/wp\/v2\/pages\/3485","targetHints":{"allow":["GET"]}}],"collection":[{"href":"https:\/\/montalcinoceramiche.it\/de\/wp-json\/wp\/v2\/pages"}],"about":[{"href":"https:\/\/montalcinoceramiche.it\/de\/wp-json\/wp\/v2\/types\/page"}],"author":[{"embeddable":true,"href":"https:\/\/montalcinoceramiche.it\/de\/wp-json\/wp\/v2\/users\/1"}],"replies":[{"embeddable":true,"href":"https:\/\/montalcinoceramiche.it\/de\/wp-json\/wp\/v2\/comments?post=3485"}],"version-history":[{"count":5,"href":"https:\/\/montalcinoceramiche.it\/de\/wp-json\/wp\/v2\/pages\/3485\/revisions"}],"predecessor-version":[{"id":3494,"href":"https:\/\/montalcinoceramiche.it\/de\/wp-json\/wp\/v2\/pages\/3485\/revisions\/3494"}],"wp:attachment":[{"href":"https:\/\/montalcinoceramiche.it\/de\/wp-json\/wp\/v2\/media?parent=3485"}],"curies":[{"name":"wp","href":"https:\/\/api.w.org\/{rel}","templated":true}]}}