{"id":3502,"date":"2021-02-24T17:31:07","date_gmt":"2021-02-24T16:31:07","guid":{"rendered":"https:\/\/montalcinoceramiche.it\/privacy-policy\/"},"modified":"2021-02-24T18:11:07","modified_gmt":"2021-02-24T17:11:07","slug":"privacy-policy","status":"publish","type":"page","link":"https:\/\/montalcinoceramiche.it\/de\/privacy-policy\/","title":{"rendered":"Privacy Policy"},"content":{"rendered":"<p>[et_pb_section fb_built=&#8220;1&#8243; next_background_color=&#8220;#ffffff&#8220; admin_label=&#8220;Hero Section&#8220; _builder_version=&#8220;4.6.5&#8243; use_background_color_gradient=&#8220;on&#8220; background_color_gradient_start=&#8220;rgba(0,0,0,0.16)&#8220; background_color_gradient_end=&#8220;rgba(0,0,0,0)&#8220; background_color_gradient_direction=&#8220;120deg&#8220; background_color_gradient_overlays_image=&#8220;on&#8220; background_image=&#8220;https:\/\/montalcinoceramiche.it\/wp-content\/uploads\/2020\/10\/WhatsApp-Image-2020-09-30-at-15.48.39.jpeg&#8220; custom_margin=&#8220;||||false|false&#8220; custom_padding=&#8220;||48px||false|false&#8220; bottom_divider_style=&#8220;wave&#8220; bottom_divider_height=&#8220;70px&#8220;][et_pb_row column_structure=&#8220;3_5,2_5&#8243; admin_label=&#8220;Hero Area&#8220; _builder_version=&#8220;3.25&#8243;][et_pb_column type=&#8220;3_5&#8243; _builder_version=&#8220;3.25&#8243; custom_padding=&#8220;|||&#8220; custom_padding__hover=&#8220;|||&#8220;][et_pb_text admin_label=&#8220;Title&#8220; _builder_version=&#8220;4.8.1&#8243; text_font=&#8220;||||||||&#8220; header_font=&#8220;|600|||||||&#8220; header_font_size=&#8220;60px&#8220; header_line_height=&#8220;1.2em&#8220; background_layout=&#8220;dark&#8220; animation_style=&#8220;fade&#8220; header_font_size_tablet=&#8220;&#8220; header_font_size_phone=&#8220;40px&#8220; header_font_size_last_edited=&#8220;on|phone&#8220;]<\/p>\n<h1>Datenschutz und Cookie Richtlinien<\/h1>\n<p>[\/et_pb_text][\/et_pb_column][et_pb_column type=&#8220;2_5&#8243; _builder_version=&#8220;3.25&#8243; custom_padding=&#8220;|||&#8220; custom_padding__hover=&#8220;|||&#8220;][\/et_pb_column][\/et_pb_row][\/et_pb_section][et_pb_section fb_built=&#8220;1&#8243; admin_label=&#8220;section&#8220; _builder_version=&#8220;3.22&#8243; custom_padding=&#8220;60px|||||&#8220;][et_pb_row _builder_version=&#8220;4.6.1&#8243; _module_preset=&#8220;default&#8220;][et_pb_column type=&#8220;4_4&#8243; _builder_version=&#8220;4.6.1&#8243; _module_preset=&#8220;default&#8220;][et_pb_text _builder_version=&#8220;4.8.1&#8243; _module_preset=&#8220;default&#8220;]<\/p>\n<h1>Wer wir sind<\/h1>\n<p>Die Adresse unserer Website lautet: https:\/\/bottega-arte.it.<\/p>\n<h2>Welche pers\u00f6nlichen Daten wir sammeln und warum wir sie sammeln<\/h2>\n<h3>Bewertungen<\/h3>\n<p>Wenn Besucher Kommentare auf der Website hinterlassen, erfassen wir die im Kommentarformular angezeigten Daten sowie die IP-Adresse des Besuchers und die Zeichenfolge des Browser-Benutzeragenten, um die Spam-Erkennung zu erleichtern.<br \/> Eine anonymisierte Zeichenfolge, die aus Ihrer E-Mail-Adresse erstellt wurde (auch als Hash bezeichnet), kann dem Gravatar-Dienst zur Verf\u00fcgung gestellt werden, um festzustellen, ob Sie sie verwenden. Die Datenschutzrichtlinie des Gravatar-Dienstes finden Sie hier: https:\/\/automattic.com\/privacy\/. Nach Genehmigung Ihres Kommentars ist Ihr Profilbild im Kontext Ihres Kommentars f\u00fcr die \u00d6ffentlichkeit sichtbar.<\/p>\n<h3>Durchschnittlich<\/h3>\n<p>Wenn Sie Bilder auf die Website hochladen, sollten Sie das Hochladen von Bildern vermeiden, die eingebettete Standortdaten (EXIF GPS) enthalten. Besucher der Website k\u00f6nnen Standortdaten von Bildern auf der Website herunterladen und extrahieren.<\/p>\n<h3>Cookies<\/h3>\n<p>Wenn Sie einen Kommentar auf unserer Website hinterlassen, k\u00f6nnen Sie Ihren Namen, Ihre E-Mail-Adresse und Ihre Website in Cookies speichern. Sie werden zu Ihrer Bequemlichkeit verwendet, damit Sie Ihre Daten nicht erneut eingeben m\u00fcssen, wenn Sie einen weiteren Kommentar hinterlassen. Diese Cookies halten ein Jahr lang.<br \/> Wenn Sie die Anmeldeseite besuchen, wird ein tempor\u00e4res Cookie gesetzt, um festzustellen, ob Ihr Browser Cookies akzeptiert. Dieses Cookie enth\u00e4lt keine pers\u00f6nlichen Daten und wird gel\u00f6scht, wenn Sie Ihren Browser schlie\u00dfen.<br \/> Wenn Sie sich anmelden, werden mehrere Cookies gesetzt, um Ihre Anmeldeinformationen und Ihre Bildschirmanzeigeoptionen zu speichern. Anmelde-Cookies halten zwei Tage und Bildschirmoptions-Cookies ein Jahr. Wenn Sie &#8222;Angemeldet bleiben&#8220; ausw\u00e4hlen, bleibt Ihr Login zwei Wochen lang bestehen. Wenn Sie sich von Ihrem Konto abmelden, werden die Anmelde-Cookies entfernt.<br \/> Wenn Sie einen Artikel bearbeiten oder ver\u00f6ffentlichen, wird ein zus\u00e4tzliches Cookie in Ihrem Browser gespeichert. Dieses Cookie enth\u00e4lt keine pers\u00f6nlichen Daten, sondern gibt lediglich die ID des gerade ge\u00e4nderten Artikels an. Es l\u00e4uft nach 1 Tag ab.<\/p>\n<h3>Eingebettete Inhalte von anderen Websites<\/h3>\n<p>Artikel auf dieser Website k\u00f6nnen eingebetteten Inhalt enthalten (z. B. Videos, Bilder, Artikel usw.). Der von anderen Websites eingebettete Inhalt verh\u00e4lt sich genauso, als h\u00e4tte der Besucher die andere Website besucht<br \/> Diese Websites k\u00f6nnen Daten \u00fcber Sie sammeln, Cookies verwenden, zus\u00e4tzliches Tracking von Drittanbietern integrieren und die Interaktion mit ihnen \u00fcberwachen, einschlie\u00dflich der Verfolgung Ihrer Interaktion mit den eingebetteten Inhalten, wenn Sie ein Konto haben und mit diesen Websites verbunden sind.<br \/> Wie lange speichern wir Ihre Daten?<br \/> Wenn Sie einen Kommentar hinterlassen, bleiben der Kommentar und seine Metadaten unbegrenzt erhalten. Auf diese Weise k\u00f6nnen wir nachfolgende Kommentare automatisch erkennen und genehmigen, anstatt sie in einer Moderationswarteschlange zu halten.<br \/> F\u00fcr Benutzer, die sich auf unserer Website registrieren (falls vorhanden), speichern wir auch die von ihnen angegebenen pers\u00f6nlichen Informationen in ihrem Benutzerprofil. Alle Benutzer k\u00f6nnen ihre pers\u00f6nlichen Daten jederzeit anzeigen, bearbeiten oder l\u00f6schen (mit Ausnahme ihres Benutzernamens, den sie nicht \u00e4ndern k\u00f6nnen). Website-Administratoren k\u00f6nnen diese Informationen auch anzeigen und bearbeiten.<\/p>\n<h2>Welche Rechte haben Sie an Ihren Daten?<\/h2>\n<p>Wenn Sie ein Konto auf dieser Website haben oder Kommentare hinterlassen haben, k\u00f6nnen Sie den Erhalt einer von der Website exportierten Datei mit den von uns \u00fcber Sie gespeicherten personenbezogenen Daten, einschlie\u00dflich aller Daten, die Sie uns zur Verf\u00fcgung gestellt haben, anfordern. Sie k\u00f6nnen auch verlangen, dass wir alle personenbezogenen Daten l\u00f6schen, die Sie betreffen. Dies schlie\u00dft keine Daten ein, die wir aus administrativen, rechtlichen oder Sicherheitsgr\u00fcnden aufbewahren m\u00fcssen.<br \/> Wohin wir Ihre Daten senden<br \/> Besucherkommentare k\u00f6nnen \u00fcber einen automatisierten Spam-Erkennungsdienst \u00fcberpr\u00fcft werden.<\/p>\n<h1>Andreucci Agneses Kunstwerkstatt<\/h1>\n<p>Andreucci Agneses Kunstwerkstatt in der Via Boldrini 13 &#8211; 53024 Montalcino (SI), Steuernummer NDRGNS73B45I726Y informiert Sie als Datenverantwortlicher gem\u00e4\u00df Art. 13 Gesetzesdekret 30.6.2003 n. 196 (im Folgenden &#8222;Datenschutzcode&#8220;) und Kunst. 13 EU-Verordnung Nr. 2016\/679 (im Folgenden &#8222;DSGVO&#8220;), dass Ihre Daten auf die Art und Weise und f\u00fcr die folgenden Zwecke verarbeitet werden:<\/p>\n<p><strong>1. OBJEKT DER BEHANDLUNG<\/strong><\/p>\n<p>Der Datenverantwortliche verarbeitet personenbezogene Identifikationsdaten (z. B. Name, Nachname, Firmenname, Adresse, Telefonnummer, E-Mail-Adresse, Bank- und Zahlungsdaten &#8211; im Folgenden &#8222;personenbezogene Daten&#8220; oder sogar &#8222;Daten&#8220;), die Sie anl\u00e4sslich der Abschluss von Vertr\u00e4gen f\u00fcr die von Bottega d&#8217;Arte di Andreucci Agnese erbrachten Leistungen oder bei den von Ihnen als Interessenten erbrachten Websites zum Zeitpunkt des Ausf\u00fcllens des Kontaktformulars.<\/p>\n<p><strong>2. ZWECK DER BEHANDLUNG<\/strong><\/p>\n<p>Ihre personenbezogenen Daten werden zu folgenden Servicezwecken verarbeitet: zum Abschluss von Vertr\u00e4gen f\u00fcr die von Bottega d\u2019arte di Andreucci Agnese erbrachten Dienstleistungen; vorvertragliche, vertragliche und steuerliche Verpflichtungen erf\u00fcllen; Erf\u00fcllung der Verpflichtungen, die gesetzlich, durch italienisches und EU-Recht oder durch eine Anordnung der Beh\u00f6rde (z. B. zur Bek\u00e4mpfung der Geldw\u00e4sche) festgelegt sind; die Rechte des Eigent\u00fcmers aus\u00fcben, zum Beispiel das Recht auf Verteidigung vor Gericht; m\u00f6gliche Streitigkeiten verhindern und bew\u00e4ltigen oder im Bedarfsfall rechtliche Schritte einleiten; Senden Sie Mitteilungen, technische und beh\u00f6rdliche Aktualisierungen, Berichtsvereinbarungen, Konventionen oder kommerzielle Vorschl\u00e4ge.<\/p>\n<p><strong>3. BEHANDLUNGSMETHODE UND DAUER<\/strong><\/p>\n<p>Die Verarbeitung Ihrer personenbezogenen Daten erfolgt nach den in Art. 4 des Datenschutzgesetzes und Art. 4 n. 2) DSGVO und genauer: Sammlung, Registrierung, Organisation, Speicherung, Konsultation, Verarbeitung, \u00c4nderung, Auswahl, Extraktion, Vergleich, Verwendung, Zusammenschaltung, Sperrung, Kommunikation, L\u00f6schung und Zerst\u00f6rung von Daten. Ihre pers\u00f6nlichen Daten werden sowohl in Papierform als auch elektronisch und \/ oder automatisiert verarbeitet. Der f\u00fcr die Verarbeitung Verantwortliche verarbeitet personenbezogene Daten f\u00fcr die Zeit, die zur Erf\u00fcllung der oben genannten Zwecke erforderlich ist, und in jedem Fall nicht l\u00e4nger als 10 Jahre ab Beendigung der Beziehung zu Dienstzwecken sowie f\u00fcr zivil-, buchhalterische und steuerliche Zwecke.<\/p>\n<p><strong>4. ZUGRIFF AUF DATEN<\/strong><\/p>\n<p>Ihre Daten k\u00f6nnen f\u00fcr die in Art. 1 genannten Zwecke zug\u00e4nglich gemacht werden. 2: an Mitarbeiter und Mitarbeiter des f\u00fcr die Datenverarbeitung Verantwortlichen in ihrer Eigenschaft als Verantwortliche und \/ oder interne Manager der Verarbeitungs- und \/ oder Systemadministratoren; an Drittunternehmen oder andere Subjekte (z. B. Kreditinstitute, professionelle Unternehmen, Berater, Versicherungsunternehmen f\u00fcr die Erbringung von Versicherungsdienstleistungen usw.), die im Auftrag des f\u00fcr die Verarbeitung Verantwortlichen ausgelagerte T\u00e4tigkeiten in ihrer Eigenschaft als externe Manager des Behandlung. Bei Cloud-Diensten k\u00f6nnen die verarbeiteten Daten an Drittanbieter innerhalb der Europ\u00e4ischen Union und im Ausland in Nicht-EU-L\u00e4ndern innerhalb und innerhalb der in Kapitel V der Europ\u00e4ischen Verordnung Nr. 679 von 2016.<\/p>\n<p><strong>5. KOMMUNIKATION VON DATEN<\/strong><\/p>\n<p>Ohne die Notwendigkeit einer ausdr\u00fccklichen Zustimmung (gem\u00e4\u00df Artikel 24 Buchstabe a), b), d) Datenschutzgesetz und Art. 6 lett. b) und c) DSGVO) kann der Datenverantwortliche Ihre Daten f\u00fcr die in Art. 1 genannten Zwecke \u00fcbermitteln. 2 an Aufsichtsbeh\u00f6rden, Justizbeh\u00f6rden, Versicherungsunternehmen f\u00fcr die Erbringung von Versicherungsdienstleistungen sowie an diejenigen Personen, denen die Kommunikation zur Erreichung dieser Zwecke gesetzlich vorgeschrieben ist. Diese Probanden verarbeiten die Daten in ihrer Eigenschaft als unabh\u00e4ngige Datenverantwortliche. Ihre Daten werden nicht weitergegeben.<\/p>\n<p><strong>6. DATEN\u00dcBERTRAGUNG<\/strong><\/p>\n<p>Personenbezogene Daten k\u00f6nnen auf Servern innerhalb der Europ\u00e4ischen Union gespeichert werden. In jedem Fall versteht es sich, dass der f\u00fcr die Datenverarbeitung Verantwortliche bei Bedarf das Recht hat, die Server auch au\u00dferhalb der EU zu verschieben. In diesem Fall stellt der f\u00fcr die Datenverarbeitung Verantwortliche von nun an sicher, dass die \u00dcbermittlung von Daten au\u00dferhalb der EU gem\u00e4\u00df den geltenden gesetzlichen Bestimmungen erfolgt, vorbehaltlich der Festlegung der von der Europ\u00e4ischen Kommission vorgesehenen Standardvertragsklauseln.<\/p>\n<p><strong>7. NATUR DER DATENKONFERENZ UND FOLGEN DER VERWEIGERUNG DER ANTWORT<\/strong><\/p>\n<p>Die Bereitstellung von Daten f\u00fcr die in Art. Genannten Zwecke. 2 ist obligatorisch und unverzichtbar f\u00fcr die Erbringung der Dienstleistungen, die in den Vertr\u00e4gen mit Bottega d\u2019arte di Andreucci Agnese (sowie f\u00fcr gesetzliche Verpflichtungen) geregelt sind. Ohne sie k\u00f6nnen wir die vertraglich angeforderten Dienstleistungen nicht garantieren.<\/p>\n<p><strong>8. DATEN VON DRITTANBIETERN DES KUNDEN Der KUNDE<\/strong><\/p>\n<p>garantiert in Bezug auf Daten Dritter, die von ihm w\u00e4hrend der Nutzung der von Bottega d\u2019arte di Andreucci Agnese bereitgestellten Software und \/ oder Infrastruktur verarbeitet wurden, dass er zuvor Dritten die Informationen gem\u00e4\u00df der europ\u00e4ischen Verordnung Nr. 679 von 2016 und zum Gesetzesdekret 196\/2003 und um ihre Zustimmung zur Verarbeitung und zum Recht zur Weitergabe dieser Daten an andere Subjekte erhalten zu haben. Es wird jedoch davon ausgegangen, dass sich der KUNDE in Bezug auf Daten Dritter als unabh\u00e4ngiger Datenverantwortlicher ausgibt, der alle damit verbundenen Verpflichtungen und Verantwortlichkeiten \u00fcbernimmt und Bottega d&#8217;Arte di Andreucci Agnese von Streitigkeiten, Anspr\u00fcchen oder anderen Streitigkeiten Dritter befreit Probanden in Bezug auf diese Verarbeitungshypothesen.<\/p>\n<p><strong>9. RECHTE DER INTERESSIERTEN PARTEI<\/strong><\/p>\n<p>In Ihrer Eigenschaft als interessierte Partei haben Sie gem\u00e4\u00df der geltenden Gesetzgebung die in Art. 1 genannten Rechte. 7 des Datenschutzgesetzes und Art. 15 DSGVO und genau k\u00f6nnen Sie verlangen: Best\u00e4tigung des Vorhandenseins oder Nichtvorhandenseins personenbezogener Daten und weitere Einzelheiten zu den von Bottega d\u2019arte di Andreucci Agnese durchgef\u00fchrten Behandlungen; Kopie Ihrer pers\u00f6nlichen Daten; Aktualisierung von Datenungenauigkeiten; Daten zu l\u00f6schen, f\u00fcr die es keine Rechtsgrundlage f\u00fcr die Verarbeitung gibt; Ihre Zustimmung zu widerrufen; sich jeder Behandlung zu widersetzen; um die Art und Weise zu begrenzen, in der wir Ihre personenbezogenen Daten bei der Untersuchung einer Beschwerde verarbeiten. Gegebenenfalls hat es auch die in den Artikeln genannten Rechte. 16-21 DSGVO (Recht auf Berichtigung, Recht auf Vergessen, Recht auf Einschr\u00e4nkung der Behandlung, Recht auf Daten\u00fcbertragbarkeit, Widerspruchsrecht) sowie das Recht auf Beschwerde bei der Garantiebeh\u00f6rde.<\/p>\n<p><strong>10. VERFAHREN ZUR \u00dcBUNG DER RECHTE<\/strong><\/p>\n<p>Sie k\u00f6nnen Ihre Rechte jederzeit aus\u00fcben, indem Sie Folgendes senden: einen eingeschriebenen Brief mit R\u00fcckschein. in der Kunstwerkstatt von Andreucci Agnese, Via Boldrini 13 &#8211; 53024 Montalcino (SI); eine E-Mail an agnese.ceramica@gmail.com<br \/> 11. EIGENT\u00dcMER, VERANTWORTLICH UND VERANTWORTLICH<br \/> Der Datenverantwortliche ist Andreucci Agneses Kunstwerkstatt, Via Boldrini 13 &#8211; 53024 Montalcino (SI). Die aktualisierte Liste der Datenverarbeiter und Verantwortlichen f\u00fcr die Verarbeitung befindet sich am Sitz der Bottega d\u2019arte di Andreucci Agnese.<\/p>\n<p><strong>12. INFORMATIONSSICHERHEIT<\/strong><\/p>\n<p>Alle gesammelten Informationen werden in sicheren Einrichtungen aufbewahrt, die nur den Zugang zu autorisiertem Personal beschr\u00e4nken. Bottega d&#8217;Arte di Andreucci Agnese h\u00e4lt die Sicherheitsma\u00dfnahmen in \u00dcbereinstimmung mit den geltenden Gesetzen und Vorschriften sowie mit allen geeigneten Ma\u00dfnahmen ein, um die Vertraulichkeit der personenbezogenen Daten der Benutzer zu gew\u00e4hrleisten und zu gew\u00e4hrleisten und die Risiken von so weit wie m\u00f6glich zu minimieren unbefugter Zugriff, Entfernung, Verlust oder Besch\u00e4digung der pers\u00f6nlichen Daten der Benutzer.<\/p>\n<p><strong>COOKIE-POLITIK ALLGEMEINE INFORMATIONEN \u00dcBER COOKIES<\/strong><\/p>\n<p>Wenn Sie auf Bottega d&#8217;Arte di Andreucci Agnese zugreifen oder einen unserer Dienste nutzen, k\u00f6nnen unser System oder das eines unserer Partner Cookies und \/ oder andere Arten von Kennungen f\u00fcr den von Ihnen verwendeten Browser und \/ oder das gesetzte Ger\u00e4t setzen oder lesen. . Ein Cookie ist eine kleine Textdatei, die auf dem Computer derjenigen gespeichert wird, die eine Website anzeigen, um einige Informationen zum Besuch aufzuzeichnen und ein System zu erstellen, das den Benutzer auch zu sp\u00e4teren Zeiten erkennt. Ger\u00e4tekennungen hingegen werden durch Sammeln und Verarbeiten bestimmter Informationen wie der IP-Adresse und \/ oder des Benutzeragenten (Browserversion, Typ und Version des Betriebssystems) oder anderer Merkmale des Ger\u00e4ts generiert, um bestimmte Informationen wieder zu verbinden an einen bestimmten Benutzer. Eine Website kann nur dann ein Cookie im Browser setzen, wenn die f\u00fcr letzteres konfigurierten Einstellungen dies zulassen. Es ist wichtig zu wissen, dass ein Browser einer bestimmten Website nur den Zugriff auf die von ihr gesetzten Cookies und nicht auf die von anderen Websites gesetzten Cookies erm\u00f6glichen kann. Diesbez\u00fcglich besteht kein Risiko f\u00fcr Ihre Privatsph\u00e4re.<\/p>\n<p><strong>VERFAHREN IN BEZUG AUF COOKIES UND ANDERE \u00c4HNLICHE TECHNOLOGIEN<\/strong><\/p>\n<p>Bottega d\u2019arte di Andreucci Agnese kann Cookies oder andere Arten von Kennungen aus verschiedenen Gr\u00fcnden verwenden, darunter: Verfolgung der Benutzerpr\u00e4ferenzen w\u00e4hrend der Nutzung der Website und \/ oder der darin enthaltenen oder damit verbundenen Dienste. Ausgearbeitete statistische Analyse (Analyse) der Nutzung der Website und \/ oder der darin enthaltenen Dienste. Bottega d&#8217;Arte di Andreucci Agnese verwendet KEINE Profiling-Cookies direkt: Die einzigen Cookies, die direkt von Bottega d&#8217;Arte di Andreucci Agnese generiert und verwaltet werden, sind die sogenannten technischen Cookies (die nur und ausschlie\u00dflich verwendet werden, um die angebotenen Dienstleistungen f\u00fcr die \u00f6ffentlich) und in \u00e4u\u00dferst begrenzter Weise Analyse-Cookies (die verwendet werden, um die Anzahl der Lesungen auf den verschiedenen Seiten der Website und \/ oder f\u00fcr andere statistische Zwecke zu z\u00e4hlen). Wir informieren die Benutzer jedoch dar\u00fcber, dass \u00fcber unsere Seiten Profiling-Cookies von Dritten generiert werden k\u00f6nnen (siehe &#8222;Cookies von anderen Unternehmen&#8220;).<\/p>\n<p><strong>COOKIES ANDERER UNTERNEHMEN<\/strong><\/p>\n<p>Bottega d\u2019arte di Andreucci Agnese integriert auf seinen Seiten Dienste von Drittanbietern, die eigene Cookies und \/ oder \u00e4hnliche Technologien einrichten und verwenden k\u00f6nnen. Die Verwendung dieser Cookies und \u00e4hnlicher Technologien durch diese Unternehmen unterliegt den Datenschutzrichtlinien dieser Unternehmen und nicht diesen Informationen, da Bottega d&#8217;Arte di Andreucci Agnese in keinerlei Zusammenhang mit der Verwaltung dieser Tools und der Verarbeitung von Daten durch diese Unternehmen steht. entstehen. Nachfolgend finden Sie eine (nicht vollst\u00e4ndige) Liste einiger Partnerunternehmen, die beim Surfen im Netzwerk von Bottega d&#8217;Arte di Andreucci Agnese m\u00f6glicherweise Cookies verwenden: Google Analytics (Informationen) Google Maps (Informationen) Im Falle von Zweifeln oder Berichten dazu Zur Verwendung von Cookies k\u00f6nnen Sie uns auf dieser Seite kontaktieren.<\/p>\n<p><strong>GOOGLE ANALYTICS COOKIES<\/strong><\/p>\n<p>Diese Website nutzt den von Google Analytics angebotenen Dienst, um einen vollst\u00e4ndigen und zuverl\u00e4ssigen Statistikdienst \u00fcber die Nutzung der Website zu erhalten. Um die Privatsph\u00e4re der Nutzer so streng wie m\u00f6glich zu gew\u00e4hrleisten, teilen wir mit, dass wir die Anonymisierung der IPs durchgef\u00fchrt haben (daher wird Google Analytics die IP-Adresse des Nutzers \/ Besuchers anonymisieren, sobald dies im Abschnitt technisch mehr m\u00f6glich ist vor dem Netzwerk, in dem die Daten gesammelt werden). Der f\u00fcr die Datenverarbeitung Verantwortliche teilt au\u00dferdem mit, dass er die von Google Analytics gem\u00e4\u00df der Richtlinie 95\/46 \/ EG zur Verf\u00fcgung gestellte \u00c4nderung zur Datenverarbeitung (Google Analytics Data Processing Amendment) akzeptiert hat. Aufgrund dieser \u00c4nderung garantiert Google insbesondere, dass die \u00fcber den Dienst erfassten personenbezogenen Daten nur im Rahmen der Anweisungen des Website-Managers verarbeitet und nicht an andere Google-Dienste weitergegeben werden, es sei denn, dies wurde ausdr\u00fccklich von der Website angefordert und genehmigt Eigent\u00fcmer der Website selbst. Aus diesem Grund wird der Nutzer dar\u00fcber informiert, dass die Werbe- und Datenaustauschoptionen mit Google nicht aktiviert wurden und dass Google Analytics nicht mit einem zus\u00e4tzlichen Dienst verbunden wurde. Die Verarbeitung erfolgt daher lediglich zu statistischen Zwecken. Auf der Grundlage der ausdr\u00fccklichen Bestimmungen des Datenschutzgaranten wurden Analytics-Cookies daher mit technischen Cookies gleichgesetzt und als solche ohne vorherige Zustimmung des Benutzers installiert.<\/p>\n<p><strong>COOKIES BEHINDERN<\/strong><\/p>\n<p>Sie k\u00f6nnen Ihren Browser so konfigurieren, dass er alle Cookies oder bestimmte Arten von Cookies (z. B. Cookies von Drittanbietern) akzeptiert oder ablehnt, oder Sie k\u00f6nnen sich warnen lassen, wenn ein Cookie auf Ihrem Computer gesetzt wird. Es ist wichtig zu wissen, dass die Ablehnung aller Cookies Sie m\u00f6glicherweise daran hindert, Produkte und Dienstleistungen von Bottega d\u2019arte di Andreucci Agnese zu verwenden, bei denen Sie mit einem Benutzernamen und einem Passwort auf Bereiche zugreifen m\u00fcssen, die f\u00fcr registrierte Benutzer reserviert sind. Alle diese Dienste erfordern in der Tat, dass Cookies ordnungsgem\u00e4\u00df funktionieren, und folglich w\u00fcrde eine Blockierung von Cookies die Verwendung unm\u00f6glich machen. Im Folgenden finden Sie Anweisungen zu den g\u00e4ngigsten Browsern, um eine personalisierte Konfiguration f\u00fcr Cookies vorzunehmen: Microsoft Internet Explorer klicken Sie oben im Browserfenster auf &#8222;Extras&#8220;. W\u00e4hlen Sie &#8222;Internetoptionen&#8220;. Klicken Sie auf die Registerkarte &#8222;Datenschutz&#8220;. Um Cookies zu aktivieren, muss die Datenschutzstufe auf &#8222;Mittel&#8220; oder darunter eingestellt sein. Wenn Sie die Datenschutzstufe \u00fcber &#8222;Mittel&#8220; einstellen, wird die Verwendung von Cookies deaktiviert. Mozilla Firefox klicken Sie oben im Browserfenster auf &#8222;Extras&#8220;. w\u00e4hle Optionen&#8220;; W\u00e4hlen Sie das Symbol &#8222;Datenschutz&#8220;. Klicken Sie auf &#8222;Cookies&#8220;. W\u00e4hlen Sie aus, ob die Elemente &#8222;Cookies von Websites akzeptieren&#8220; und &#8222;Cookies von Drittanbietern akzeptieren&#8220; ausgew\u00e4hlt werden sollen. Google Chrome klicken Sie auf das Men\u00fcsymbol. Einstellungen ausw\u00e4hlen&#8220;; W\u00e4hlen Sie unten auf der Seite &#8222;Erweiterte Einstellungen anzeigen&#8220;. W\u00e4hlen Sie im Abschnitt &#8222;Datenschutz&#8220; die Option &#8222;Inhaltseinstellungen&#8220;. W\u00e4hlen Sie den Punkt &#8222;Sites daran hindern, Daten zu setzen&#8220; oder nicht. Apple Safari Klicken Sie oben im Browserfenster auf die Bezeichnung &#8222;Safari&#8220;. W\u00e4hlen Sie die Option &#8222;Einstellungen&#8220;. Klicken Sie auf &#8222;Datenschutz&#8220;. Stellen Sie Ihre Wahl unter &#8222;Cookies und Website-Daten&#8220; ein.<\/p>\n<p><strong>L\u00d6SCHEN SIE ALLE COOKIES VON &#8222;Bottega d\u2019arte di Andreucci Agnese&#8220;<\/strong><\/p>\n<p>Sie k\u00f6nnen alle Cookies von Bottega d\u2019arte di Andreucci Agnese mit den Reinigungstools Ihres Browsers l\u00f6schen.<\/p>\n<p>[\/et_pb_text][\/et_pb_column][\/et_pb_row][\/et_pb_section]<\/p>\n","protected":false},"excerpt":{"rendered":"<p>Datenschutz und Cookie RichtlinienWer wir sind Die Adresse unserer Website lautet: https:\/\/bottega-arte.it. Welche pers\u00f6nlichen Daten wir sammeln und warum wir sie sammeln Bewertungen Wenn Besucher Kommentare auf der Website hinterlassen, erfassen wir die im Kommentarformular angezeigten Daten sowie die IP-Adresse des Besuchers und die Zeichenfolge des Browser-Benutzeragenten, um die Spam-Erkennung zu erleichtern. Eine anonymisierte Zeichenfolge, [&hellip;]<\/p>\n","protected":false},"author":1,"featured_media":0,"parent":0,"menu_order":0,"comment_status":"closed","ping_status":"closed","template":"","meta":{"_et_pb_use_builder":"on","_et_pb_old_content":"","_et_gb_content_width":"","inline_featured_image":false,"_glsr_average":0,"_glsr_ranking":0,"_glsr_reviews":0,"footnotes":""},"class_list":["post-3502","page","type-page","status-publish","hentry"],"_links":{"self":[{"href":"https:\/\/montalcinoceramiche.it\/de\/wp-json\/wp\/v2\/pages\/3502","targetHints":{"allow":["GET"]}}],"collection":[{"href":"https:\/\/montalcinoceramiche.it\/de\/wp-json\/wp\/v2\/pages"}],"about":[{"href":"https:\/\/montalcinoceramiche.it\/de\/wp-json\/wp\/v2\/types\/page"}],"author":[{"embeddable":true,"href":"https:\/\/montalcinoceramiche.it\/de\/wp-json\/wp\/v2\/users\/1"}],"replies":[{"embeddable":true,"href":"https:\/\/montalcinoceramiche.it\/de\/wp-json\/wp\/v2\/comments?post=3502"}],"version-history":[{"count":3,"href":"https:\/\/montalcinoceramiche.it\/de\/wp-json\/wp\/v2\/pages\/3502\/revisions"}],"predecessor-version":[{"id":3507,"href":"https:\/\/montalcinoceramiche.it\/de\/wp-json\/wp\/v2\/pages\/3502\/revisions\/3507"}],"wp:attachment":[{"href":"https:\/\/montalcinoceramiche.it\/de\/wp-json\/wp\/v2\/media?parent=3502"}],"curies":[{"name":"wp","href":"https:\/\/api.w.org\/{rel}","templated":true}]}}