{"id":3523,"date":"2021-01-19T20:11:59","date_gmt":"2021-02-24T17:12:58","guid":{"rendered":"https:\/\/montalcinoceramiche.it\/prodotto\/bolo-asiatico-piccolo\/"},"modified":"2021-03-10T15:57:38","modified_gmt":"2021-03-10T14:57:38","slug":"bolo-asiatico-piccolo-5","status":"publish","type":"product","link":"https:\/\/montalcinoceramiche.it\/de\/prodotto\/bolo-asiatico-piccolo-5\/","title":{"rendered":"Schale &#8222;Asiatico&#8220; klein"},"content":{"rendered":"<p>UNSERE PRODUKTE SIND F\u00dcR DEN LEBENSMITTELGEBRAUCH GEEIGNET, K\u00d6NNEN IN DER MIKROWELLE VERWENDET UND IM SP\u00dcLMASCHINEN GEWASCHEN WERDEN.<\/p>\n<p>SIE SIND HANDWERKPRODUKTE, KRISTALLISIERT UND HANDGEMALT, DAHER IST JEDES EINZELNE ST\u00dcCK ALS EINZIGARTIG ZU BETRACHTEN.<\/p>\n","protected":false},"excerpt":{"rendered":"<h4>Geometrische Dekoration<\/h4>\n<p>Handgemachte und handbemalte Keramikschale.<\/p>\n<p><em>Seine besondere Form macht es perfekt f\u00fcr asiatische Gerichte wie Suppen oder Reisnudeln. Die Sticks sind im Preis inbegriffen.<\/em><\/p>\n","protected":false},"featured_media":6529,"template":"","meta":{"_et_pb_use_builder":"","_et_pb_old_content":"","_et_gb_content_width":"","inline_featured_image":false,"_glsr_average":0,"_glsr_ranking":0,"_glsr_reviews":0},"product_brand":[],"product_cat":[178],"product_tag":[],"class_list":{"0":"post-3523","1":"product","2":"type-product","3":"status-publish","4":"has-post-thumbnail","6":"product_cat-schale","8":"first","9":"instock","10":"shipping-taxable","11":"purchasable","12":"product-type-simple"},"_links":{"self":[{"href":"https:\/\/montalcinoceramiche.it\/de\/wp-json\/wp\/v2\/product\/3523","targetHints":{"allow":["GET"]}}],"collection":[{"href":"https:\/\/montalcinoceramiche.it\/de\/wp-json\/wp\/v2\/product"}],"about":[{"href":"https:\/\/montalcinoceramiche.it\/de\/wp-json\/wp\/v2\/types\/product"}],"wp:featuredmedia":[{"embeddable":true,"href":"https:\/\/montalcinoceramiche.it\/de\/wp-json\/wp\/v2\/media\/6529"}],"wp:attachment":[{"href":"https:\/\/montalcinoceramiche.it\/de\/wp-json\/wp\/v2\/media?parent=3523"}],"wp:term":[{"taxonomy":"product_brand","embeddable":true,"href":"https:\/\/montalcinoceramiche.it\/de\/wp-json\/wp\/v2\/product_brand?post=3523"},{"taxonomy":"product_cat","embeddable":true,"href":"https:\/\/montalcinoceramiche.it\/de\/wp-json\/wp\/v2\/product_cat?post=3523"},{"taxonomy":"product_tag","embeddable":true,"href":"https:\/\/montalcinoceramiche.it\/de\/wp-json\/wp\/v2\/product_tag?post=3523"}],"curies":[{"name":"wp","href":"https:\/\/api.w.org\/{rel}","templated":true}]}}