{"id":3646,"date":"2021-01-19T20:10:02","date_gmt":"2021-03-10T14:59:01","guid":{"rendered":"https:\/\/montalcinoceramiche.it\/prodotto\/schale-asiatico-klein\/"},"modified":"2021-03-10T15:59:03","modified_gmt":"2021-03-10T14:59:03","slug":"bolo-asiatico-piccolo-4","status":"publish","type":"product","link":"https:\/\/montalcinoceramiche.it\/de\/prodotto\/bolo-asiatico-piccolo-4\/","title":{"rendered":"Schale &#8222;Asiatico&#8220; klein"},"content":{"rendered":"<p>UNSERE PRODUKTE SIND F\u00dcR DEN LEBENSMITTELGEBRAUCH GEEIGNET, K\u00d6NNEN IN DER MIKROWELLE VERWENDET UND IM SP\u00dcLMASCHINEN GEWASCHEN WERDEN.<\/p>\n<p>SIE SIND HANDWERKPRODUKTE, KRISTALLISIERT UND HANDGEMALT, DAHER IST JEDES EINZELNE ST\u00dcCK ALS EINZIGARTIG ZU BETRACHTEN.<\/p>\n","protected":false},"excerpt":{"rendered":"<h4>Dekoration: toskanische Landschaft und geometrisch<\/h4>\n<p>Handgemachte und handbemalte Keramikschale.<\/p>\n<p><em>Seine besondere Form macht es perfekt f\u00fcr asiatische Gerichte wie Suppen oder Reisnudeln. Die Sticks sind im Preis inbegriffen.<\/em><\/p>\n","protected":false},"featured_media":3647,"template":"","meta":{"_et_pb_use_builder":"","_et_pb_old_content":"","_et_gb_content_width":"","inline_featured_image":false,"_glsr_average":0,"_glsr_ranking":0,"_glsr_reviews":0},"product_brand":[],"product_cat":[178,179],"product_tag":[],"class_list":{"0":"post-3646","1":"product","2":"type-product","3":"status-publish","4":"has-post-thumbnail","6":"product_cat-schale","7":"product_cat-teller","9":"first","10":"outofstock","11":"shipping-taxable","12":"purchasable","13":"product-type-simple"},"_links":{"self":[{"href":"https:\/\/montalcinoceramiche.it\/de\/wp-json\/wp\/v2\/product\/3646","targetHints":{"allow":["GET"]}}],"collection":[{"href":"https:\/\/montalcinoceramiche.it\/de\/wp-json\/wp\/v2\/product"}],"about":[{"href":"https:\/\/montalcinoceramiche.it\/de\/wp-json\/wp\/v2\/types\/product"}],"wp:featuredmedia":[{"embeddable":true,"href":"https:\/\/montalcinoceramiche.it\/de\/wp-json\/wp\/v2\/media\/3647"}],"wp:attachment":[{"href":"https:\/\/montalcinoceramiche.it\/de\/wp-json\/wp\/v2\/media?parent=3646"}],"wp:term":[{"taxonomy":"product_brand","embeddable":true,"href":"https:\/\/montalcinoceramiche.it\/de\/wp-json\/wp\/v2\/product_brand?post=3646"},{"taxonomy":"product_cat","embeddable":true,"href":"https:\/\/montalcinoceramiche.it\/de\/wp-json\/wp\/v2\/product_cat?post=3646"},{"taxonomy":"product_tag","embeddable":true,"href":"https:\/\/montalcinoceramiche.it\/de\/wp-json\/wp\/v2\/product_tag?post=3646"}],"curies":[{"name":"wp","href":"https:\/\/api.w.org\/{rel}","templated":true}]}}