{"id":3741,"date":"2021-01-19T18:12:15","date_gmt":"2021-01-19T17:12:15","guid":{"rendered":"https:\/\/montalcinoceramiche.it\/prodotto\/flaschenhalter-party\/"},"modified":"2021-03-10T16:39:24","modified_gmt":"2021-03-10T15:39:24","slug":"portabottiglia-party-2","status":"publish","type":"product","link":"https:\/\/montalcinoceramiche.it\/de\/prodotto\/portabottiglia-party-2\/","title":{"rendered":"Flaschenhalter &#8222;Party&#8220;"},"content":{"rendered":"<p>UNSERE PRODUKTE SIND F\u00dcR DEN LEBENSMITTELGEBRAUCH GEEIGNET, K\u00d6NNEN IN DER MIKROWELLE VERWENDET UND IM SP\u00dcLMASCHINEN GEWASCHEN WERDEN.<\/p>\n<p>SIE SIND HANDWERKPRODUKTE, KRISTALLISIERT UND HANDGEMALT, DAHER IST JEDES EINZELNE ST\u00dcCK ALS EINZIGARTIG ZU BETRACHTEN.<\/p>\n","protected":false},"excerpt":{"rendered":"<h4>Toskanische und geometrische Landschaftsdekoration<\/h4>\n<p>Handgemachter und handbemalter Flaschenhalter aus Keramik.<\/p>\n<p><em>Dieser Flaschenhalter ist sowohl in der Form als auch in der Leistung ein ganz besonderes Objekt. Es ist perfekt, um w\u00e4hrend Ihrer Partys, Aperitifs und f\u00fcr besondere Anl\u00e4sse anzugeben.<\/em><\/p>\n","protected":false},"featured_media":6818,"template":"","meta":{"_et_pb_use_builder":"","_et_pb_old_content":"","_et_gb_content_width":"","inline_featured_image":false,"_glsr_average":0,"_glsr_ranking":0,"_glsr_reviews":0},"product_brand":[],"product_cat":[191,176],"product_tag":[],"class_list":{"0":"post-3741","1":"product","2":"type-product","3":"status-publish","4":"has-post-thumbnail","6":"product_cat-flaschenhalter","7":"product_cat-keramik-in-der-kuche","9":"first","10":"instock","11":"shipping-taxable","12":"purchasable","13":"product-type-simple"},"_links":{"self":[{"href":"https:\/\/montalcinoceramiche.it\/de\/wp-json\/wp\/v2\/product\/3741","targetHints":{"allow":["GET"]}}],"collection":[{"href":"https:\/\/montalcinoceramiche.it\/de\/wp-json\/wp\/v2\/product"}],"about":[{"href":"https:\/\/montalcinoceramiche.it\/de\/wp-json\/wp\/v2\/types\/product"}],"wp:featuredmedia":[{"embeddable":true,"href":"https:\/\/montalcinoceramiche.it\/de\/wp-json\/wp\/v2\/media\/6818"}],"wp:attachment":[{"href":"https:\/\/montalcinoceramiche.it\/de\/wp-json\/wp\/v2\/media?parent=3741"}],"wp:term":[{"taxonomy":"product_brand","embeddable":true,"href":"https:\/\/montalcinoceramiche.it\/de\/wp-json\/wp\/v2\/product_brand?post=3741"},{"taxonomy":"product_cat","embeddable":true,"href":"https:\/\/montalcinoceramiche.it\/de\/wp-json\/wp\/v2\/product_cat?post=3741"},{"taxonomy":"product_tag","embeddable":true,"href":"https:\/\/montalcinoceramiche.it\/de\/wp-json\/wp\/v2\/product_tag?post=3741"}],"curies":[{"name":"wp","href":"https:\/\/api.w.org\/{rel}","templated":true}]}}