{"id":3845,"date":"2021-01-19T15:50:32","date_gmt":"2021-03-10T16:25:46","guid":{"rendered":"https:\/\/montalcinoceramiche.it\/prodotto\/schale-heidi\/"},"modified":"2021-03-10T17:25:47","modified_gmt":"2021-03-10T16:25:47","slug":"ciotola-heidi-6","status":"publish","type":"product","link":"https:\/\/montalcinoceramiche.it\/de\/prodotto\/ciotola-heidi-6\/","title":{"rendered":"Schale &#8222;Heidi&#8220;"},"content":{"rendered":"<p>UNSERE PRODUKTE SIND F\u00dcR DEN LEBENSMITTELGEBRAUCH GEEIGNET, K\u00d6NNEN IN DER MIKROWELLE VERWENDET UND IM SP\u00dcLMASCHINEN GEWASCHEN WERDEN.<\/p>\n<p>SIE SIND HANDWERKPRODUKTE, KRISTALLISIERT UND HANDGEMALT, DAHER IST JEDES EINZELNE ST\u00dcCK ALS EINZIGARTIG ZU BETRACHTEN.<\/p>\n","protected":false},"excerpt":{"rendered":"<h4>Geometrische Dekoration<\/h4>\n<p>Handgemachte und handbemalte Keramikschale.<\/p>\n<p><em>Diese Schale ist ein sehr vielseitiges Objekt. Es kann als Fr\u00fchst\u00fcckstasse verwendet werden, um Ihre Lieblingsm\u00fcsli, Haferflocken oder sogar als Beh\u00e4lter zum Servieren von frischem Obst, Vorspeisen, Brezeln, Saucen und kleinen Salaten zu genie\u00dfen.<\/em><\/p>\n","protected":false},"featured_media":3846,"template":"","meta":{"_et_pb_use_builder":"","_et_pb_old_content":"","_et_gb_content_width":"","inline_featured_image":false,"_glsr_average":0,"_glsr_ranking":0,"_glsr_reviews":0},"product_brand":[],"product_cat":[176,178,204],"product_tag":[],"class_list":{"0":"post-3845","1":"product","2":"type-product","3":"status-publish","4":"has-post-thumbnail","6":"product_cat-keramik-in-der-kuche","7":"product_cat-schale","8":"product_cat-tassen","10":"first","11":"outofstock","12":"shipping-taxable","13":"purchasable","14":"product-type-simple"},"_links":{"self":[{"href":"https:\/\/montalcinoceramiche.it\/de\/wp-json\/wp\/v2\/product\/3845","targetHints":{"allow":["GET"]}}],"collection":[{"href":"https:\/\/montalcinoceramiche.it\/de\/wp-json\/wp\/v2\/product"}],"about":[{"href":"https:\/\/montalcinoceramiche.it\/de\/wp-json\/wp\/v2\/types\/product"}],"wp:featuredmedia":[{"embeddable":true,"href":"https:\/\/montalcinoceramiche.it\/de\/wp-json\/wp\/v2\/media\/3846"}],"wp:attachment":[{"href":"https:\/\/montalcinoceramiche.it\/de\/wp-json\/wp\/v2\/media?parent=3845"}],"wp:term":[{"taxonomy":"product_brand","embeddable":true,"href":"https:\/\/montalcinoceramiche.it\/de\/wp-json\/wp\/v2\/product_brand?post=3845"},{"taxonomy":"product_cat","embeddable":true,"href":"https:\/\/montalcinoceramiche.it\/de\/wp-json\/wp\/v2\/product_cat?post=3845"},{"taxonomy":"product_tag","embeddable":true,"href":"https:\/\/montalcinoceramiche.it\/de\/wp-json\/wp\/v2\/product_tag?post=3845"}],"curies":[{"name":"wp","href":"https:\/\/api.w.org\/{rel}","templated":true}]}}