{"id":3909,"date":"2021-01-13T18:47:38","date_gmt":"2021-03-10T16:33:54","guid":{"rendered":"https:\/\/montalcinoceramiche.it\/prodotto\/lautsprecher-vichingo\/"},"modified":"2021-03-10T17:34:15","modified_gmt":"2021-03-10T16:34:15","slug":"speaker-vichingo","status":"publish","type":"product","link":"https:\/\/montalcinoceramiche.it\/de\/prodotto\/speaker-vichingo\/","title":{"rendered":"Lautsprecher &#8222;Vichingo&#8220;"},"content":{"rendered":"<p>UNSERE PRODUKTE SIND F\u00dcR DEN LEBENSMITTELGEBRAUCH GEEIGNET, K\u00d6NNEN IN DER MIKROWELLE VERWENDET UND IM SP\u00dcLMASCHINEN GEWASCHEN WERDEN.<\/p>\n<p>SIE SIND HANDWERKPRODUKTE, KRISTALLISIERT UND HANDGEMALT, DAHER IST JEDES EINZELNE ST\u00dcCK ALS EINZIGARTIG ZU BETRACHTEN.<\/p>\n","protected":false},"excerpt":{"rendered":"<p>Traubendekoration<\/p>\n<p>Keramiklautsprecher handgemacht und handbemalt.<\/p>\n<p>Dieser Lautsprecher kann dank seiner Form die Ger\u00e4usche von Mobiltelefonen verst\u00e4rkt wiedergeben. Es ist ein \u00f6kologischer Sprecher, da es keinen Strom ben\u00f6tigt. Dar\u00fcber hinaus ist es ein besonderes St\u00fcck Design. Es ist mit jeder Art von Smartphone kompatibel.<\/p>\n","protected":false},"featured_media":3910,"template":"","meta":{"_et_pb_use_builder":"","_et_pb_old_content":"","_et_gb_content_width":"","inline_featured_image":false,"_glsr_average":0,"_glsr_ranking":0,"_glsr_reviews":0},"product_brand":[],"product_cat":[211],"product_tag":[],"class_list":{"0":"post-3909","1":"product","2":"type-product","3":"status-publish","4":"has-post-thumbnail","6":"product_cat-lautsprecher","8":"first","9":"outofstock","10":"shipping-taxable","11":"purchasable","12":"product-type-simple"},"_links":{"self":[{"href":"https:\/\/montalcinoceramiche.it\/de\/wp-json\/wp\/v2\/product\/3909","targetHints":{"allow":["GET"]}}],"collection":[{"href":"https:\/\/montalcinoceramiche.it\/de\/wp-json\/wp\/v2\/product"}],"about":[{"href":"https:\/\/montalcinoceramiche.it\/de\/wp-json\/wp\/v2\/types\/product"}],"wp:featuredmedia":[{"embeddable":true,"href":"https:\/\/montalcinoceramiche.it\/de\/wp-json\/wp\/v2\/media\/3910"}],"wp:attachment":[{"href":"https:\/\/montalcinoceramiche.it\/de\/wp-json\/wp\/v2\/media?parent=3909"}],"wp:term":[{"taxonomy":"product_brand","embeddable":true,"href":"https:\/\/montalcinoceramiche.it\/de\/wp-json\/wp\/v2\/product_brand?post=3909"},{"taxonomy":"product_cat","embeddable":true,"href":"https:\/\/montalcinoceramiche.it\/de\/wp-json\/wp\/v2\/product_cat?post=3909"},{"taxonomy":"product_tag","embeddable":true,"href":"https:\/\/montalcinoceramiche.it\/de\/wp-json\/wp\/v2\/product_tag?post=3909"}],"curies":[{"name":"wp","href":"https:\/\/api.w.org\/{rel}","templated":true}]}}