{"id":4240,"date":"2020-12-11T19:29:07","date_gmt":"2020-12-11T18:29:07","guid":{"rendered":"https:\/\/montalcinoceramiche.it\/prodotto\/olivensieb\/"},"modified":"2021-03-11T08:14:27","modified_gmt":"2021-03-11T07:14:27","slug":"olivensieb","status":"publish","type":"product","link":"https:\/\/montalcinoceramiche.it\/de\/prodotto\/olivensieb\/","title":{"rendered":"Olivensieb"},"content":{"rendered":"<p>UNSERE PRODUKTE SIND F\u00dcR DEN LEBENSMITTELGEBRAUCH GEEIGNET, K\u00d6NNEN IN DER MIKROWELLE VERWENDET UND IM SP\u00dcLMASCHINEN GEWASCHEN WERDEN.<\/p>\n<p>SIE SIND HANDWERKPRODUKTE, KRISTALLISIERT UND HANDGEMALT, DAHER IST JEDES EINZELNE ST\u00dcCK ALS EINZIGARTIG ZU BETRACHTEN.<\/p>\n","protected":false},"excerpt":{"rendered":"<h4>Dekoration: Toskanische Landschaft<\/h4>\n<p>Handgemachtes und handbemaltes Keramik-Olivensieb.<\/p>\n<p><em>Dieses Produkt hat nicht nur L\u00f6cher zum Abtropfen der Oliven, sondern auch einen Abschnitt, in den die Zahnstocher eingef\u00fchrt werden k\u00f6nnen, und einen weiteren f\u00fcr die Olivenkerne. Das perfekte Accessoire f\u00fcr Ihren Aperitif.<\/em><\/p>\n<p>&nbsp;<\/p>\n","protected":false},"featured_media":6914,"template":"","meta":{"_et_pb_use_builder":"","_et_pb_old_content":"","_et_gb_content_width":"","inline_featured_image":false,"_glsr_average":0,"_glsr_ranking":0,"_glsr_reviews":0},"product_brand":[],"product_cat":[176,199],"product_tag":[],"class_list":{"0":"post-4240","1":"product","2":"type-product","3":"status-publish","4":"has-post-thumbnail","6":"product_cat-keramik-in-der-kuche","7":"product_cat-olivensieb","9":"first","10":"instock","11":"shipping-taxable","12":"purchasable","13":"product-type-simple"},"_links":{"self":[{"href":"https:\/\/montalcinoceramiche.it\/de\/wp-json\/wp\/v2\/product\/4240","targetHints":{"allow":["GET"]}}],"collection":[{"href":"https:\/\/montalcinoceramiche.it\/de\/wp-json\/wp\/v2\/product"}],"about":[{"href":"https:\/\/montalcinoceramiche.it\/de\/wp-json\/wp\/v2\/types\/product"}],"wp:featuredmedia":[{"embeddable":true,"href":"https:\/\/montalcinoceramiche.it\/de\/wp-json\/wp\/v2\/media\/6914"}],"wp:attachment":[{"href":"https:\/\/montalcinoceramiche.it\/de\/wp-json\/wp\/v2\/media?parent=4240"}],"wp:term":[{"taxonomy":"product_brand","embeddable":true,"href":"https:\/\/montalcinoceramiche.it\/de\/wp-json\/wp\/v2\/product_brand?post=4240"},{"taxonomy":"product_cat","embeddable":true,"href":"https:\/\/montalcinoceramiche.it\/de\/wp-json\/wp\/v2\/product_cat?post=4240"},{"taxonomy":"product_tag","embeddable":true,"href":"https:\/\/montalcinoceramiche.it\/de\/wp-json\/wp\/v2\/product_tag?post=4240"}],"curies":[{"name":"wp","href":"https:\/\/api.w.org\/{rel}","templated":true}]}}