{"id":4325,"date":"2020-11-09T10:36:59","date_gmt":"2021-03-11T07:41:36","guid":{"rendered":"https:\/\/montalcinoceramiche.it\/prodotto\/taschentuchhalter-rettangolo\/"},"modified":"2021-03-11T08:41:36","modified_gmt":"2021-03-11T07:41:36","slug":"porta-fazzoletti","status":"publish","type":"product","link":"https:\/\/montalcinoceramiche.it\/de\/prodotto\/porta-fazzoletti\/","title":{"rendered":"Taschentuchhalter &#8222;Rettangolo&#8220;"},"content":{"rendered":"<p>UNSERE PRODUKTE SIND F\u00dcR DEN LEBENSMITTELGEBRAUCH GEEIGNET, K\u00d6NNEN IN DER MIKROWELLE VERWENDET UND IM SP\u00dcLMASCHINEN GEWASCHEN WERDEN.<\/p>\n<p>SIE SIND HANDWERKPRODUKTE, KRISTALLISIERT UND HANDGEMALT, DAHER IST JEDES EINZELNE ST\u00dcCK ALS EINZIGARTIG ZU BETRACHTEN.<\/p>\n","protected":false},"excerpt":{"rendered":"<h4>Geometrische Dekoration<\/h4>\n<p>Handgemachter und handbemalter Keramik-Taschentuchhalter.<\/p>\n<p><em>Objekt geeignet in jeder Umgebung vom Wohnzimmer bis zum Badezimmer. Dieses Modell des Tissue-Halters ist f\u00fcr die rechteckig geformte Tissue-Box konzipiert. <\/em><\/p>\n<p>&nbsp;<\/p>\n","protected":false},"featured_media":4326,"template":"","meta":{"_et_pb_use_builder":"","_et_pb_old_content":"","_et_gb_content_width":"","inline_featured_image":false,"_glsr_average":0,"_glsr_ranking":0,"_glsr_reviews":0},"product_brand":[],"product_cat":[183,180,212,209],"product_tag":[],"class_list":{"0":"post-4325","1":"product","2":"type-product","3":"status-publish","4":"has-post-thumbnail","6":"product_cat-badeservice","7":"product_cat-badezimmerzubehor","8":"product_cat-objekte","9":"product_cat-taschentuchhalter","11":"first","12":"outofstock","13":"shipping-taxable","14":"purchasable","15":"product-type-simple"},"_links":{"self":[{"href":"https:\/\/montalcinoceramiche.it\/de\/wp-json\/wp\/v2\/product\/4325","targetHints":{"allow":["GET"]}}],"collection":[{"href":"https:\/\/montalcinoceramiche.it\/de\/wp-json\/wp\/v2\/product"}],"about":[{"href":"https:\/\/montalcinoceramiche.it\/de\/wp-json\/wp\/v2\/types\/product"}],"wp:featuredmedia":[{"embeddable":true,"href":"https:\/\/montalcinoceramiche.it\/de\/wp-json\/wp\/v2\/media\/4326"}],"wp:attachment":[{"href":"https:\/\/montalcinoceramiche.it\/de\/wp-json\/wp\/v2\/media?parent=4325"}],"wp:term":[{"taxonomy":"product_brand","embeddable":true,"href":"https:\/\/montalcinoceramiche.it\/de\/wp-json\/wp\/v2\/product_brand?post=4325"},{"taxonomy":"product_cat","embeddable":true,"href":"https:\/\/montalcinoceramiche.it\/de\/wp-json\/wp\/v2\/product_cat?post=4325"},{"taxonomy":"product_tag","embeddable":true,"href":"https:\/\/montalcinoceramiche.it\/de\/wp-json\/wp\/v2\/product_tag?post=4325"}],"curies":[{"name":"wp","href":"https:\/\/api.w.org\/{rel}","templated":true}]}}