{"id":902,"date":"2020-12-02T15:48:11","date_gmt":"2020-12-02T14:48:11","guid":{"rendered":"https:\/\/montalcinoceramiche.it\/condiciones-de-venta\/"},"modified":"2020-12-02T15:48:13","modified_gmt":"2020-12-02T14:48:13","slug":"condiciones-de-venta","status":"publish","type":"page","link":"https:\/\/montalcinoceramiche.it\/es\/condiciones-de-venta\/","title":{"rendered":"Condiciones de venta"},"content":{"rendered":"<p>[et_pb_section fb_built=\u00bb1&#8243; next_background_color=\u00bb#ffffff\u00bb admin_label=\u00bbHero Section\u00bb _builder_version=\u00bb4.6.5&#8243; use_background_color_gradient=\u00bbon\u00bb background_color_gradient_start=\u00bbrgba(0,0,0,0.16)\u00bb background_color_gradient_end=\u00bbrgba(0,0,0,0)\u00bb background_color_gradient_direction=\u00bb120deg\u00bb background_color_gradient_overlays_image=\u00bbon\u00bb background_image=\u00bbhttps:\/\/montalcinoceramiche.it\/wp-content\/uploads\/2020\/10\/WhatsApp-Image-2020-09-30-at-15.48.39.jpeg\u00bb custom_margin=\u00bb||||false|false\u00bb custom_padding=\u00bb||48px||false|false\u00bb bottom_divider_style=\u00bbwave\u00bb bottom_divider_height=\u00bb70px\u00bb][et_pb_row column_structure=\u00bb1_2,1_2&#8243; admin_label=\u00bbHero Area\u00bb _builder_version=\u00bb3.25&#8243;][et_pb_column type=\u00bb1_2&#8243; _builder_version=\u00bb3.25&#8243; custom_padding=\u00bb|||\u00bb custom_padding__hover=\u00bb|||\u00bb][et_pb_text admin_label=\u00bbTitle\u00bb _builder_version=\u00bb4.6.1&#8243; text_font=\u00bb||||||||\u00bb header_font=\u00bb|600|||||||\u00bb header_font_size=\u00bb60px\u00bb header_line_height=\u00bb1.2em\u00bb background_layout=\u00bbdark\u00bb animation_style=\u00bbfade\u00bb header_font_size_tablet=\u00bb\u00bb header_font_size_phone=\u00bb40px\u00bb header_font_size_last_edited=\u00bbon|phone\u00bb]<\/p>\n<h1>Condiciones de venta<\/h1>\n<p>[\/et_pb_text][\/et_pb_column][et_pb_column type=\u00bb1_2&#8243; _builder_version=\u00bb3.25&#8243; custom_padding=\u00bb|||\u00bb custom_padding__hover=\u00bb|||\u00bb][\/et_pb_column][\/et_pb_row][\/et_pb_section][et_pb_section fb_built=\u00bb1&#8243; admin_label=\u00bbsection\u00bb _builder_version=\u00bb3.22&#8243; custom_padding=\u00bb60px|||||\u00bb][et_pb_row _builder_version=\u00bb4.6.1&#8243; _module_preset=\u00bbdefault\u00bb][et_pb_column type=\u00bb4_4&#8243; _builder_version=\u00bb4.6.1&#8243; _module_preset=\u00bbdefault\u00bb][et_pb_text _builder_version=\u00bb4.6.1&#8243; _module_preset=\u00bbdefault\u00bb hover_enabled=\u00bb0&#8243; sticky_enabled=\u00bb0&#8243;]<\/p>\n<h1>Transporte<\/h1>\n<p>Enviamos nuestra cer\u00e1mica y porcelana de calidad a todo el mundo prestando especial atenci\u00f3n al embalaje. Para asegurarnos de que cada producto tenga la protecci\u00f3n adecuada y llegue a su destino en perfectas condiciones, proporcionamos un embalaje espec\u00edfico en funci\u00f3n de los art\u00edculos y el m\u00e9todo de env\u00edo elegido.<\/p>\n<p>El cliente concluye el pedido con Bottega d\u2019arte que se encuentra en Montalcino 53024 (SI) en la calle Boldrini n\u00famero 13.<\/p>\n<h1>Env\u00edo<\/h1>\n<p>Los tiempos de entrega de los productos solicitados var\u00edan seg\u00fan la disponibilidad del objeto en el laboratorio.<\/p>\n<p>Para el env\u00edo, contamos con la empresa Mail Boxes ect.<\/p>\n<p> <img loading=\"lazy\" decoding=\"async\" src=\"https:\/\/montalcinoceramiche.it\/wp-content\/uploads\/2020\/11\/mail-boxes-etc-300x85.jpg\" width=\"300\" height=\"85\" alt=\"\" class=\"wp-image-766 alignnone size-medium\"><\/p>\n<p>Los plazos de entrega son puramente indicativos. En el caso de que el producto est\u00e9 disponible en el laboratorio, la mercanc\u00eda solicitada se enviar\u00e1 en un tiempo variable de 5 a 15 d\u00edas desde el momento del pedido. En el caso de que el producto no est\u00e9 disponible en el laboratorio, sino que se tenga que crear, la mercanc\u00eda solicitada se enviar\u00e1 en un tiempo que oscila entre 30 y 40 d\u00edas desde el momento del pedido. Para solicitudes especiales, los tiempos pueden variar seg\u00fan el objeto a realizar.<br \/> Los gastos de env\u00edo var\u00edan en funci\u00f3n del peso y volumen de los art\u00edculos embalados y se calculan autom\u00e1ticamente durante el proceso de compra.<\/p>\n<p><strong>N\u00d3TESE BIEN.<\/strong> Puede ser necesario ajustar los precios de env\u00edo por parte de Bottega d\u2019arte en el caso de vol\u00famenes de embalaje particulares. En este \u00faltimo caso, Bottega d\u2019arte se pondr\u00e1 en contacto contigo por correo electr\u00f3nico para informarte del cambio de precio del env\u00edo.<br \/> Los gastos de env\u00edo est\u00e1n destinados a ser asumidos por el cliente incluso en el caso de que el mismo rechace la mercanc\u00eda o si por alguna raz\u00f3n la mercanc\u00eda solicitada regularmente regrese al remitente.<\/p>\n<h1>Seguro<\/h1>\n<p>Bottega d\u2019arte desea se\u00f1alar que todos los env\u00edos est\u00e1n asegurados.<br \/> En caso de rotura de la mercanc\u00eda, Bottega d&#8217;arte la sustituir\u00e1. Para que exista esta condici\u00f3n, se requiere una prueba fotogr\u00e1fica precisa del da\u00f1o dentro de los 5 d\u00edas posteriores a la recepci\u00f3n de la mercanc\u00eda.<br \/> Luego verificaremos el alcance real del da\u00f1o y una vez comprobado el mismo reemplazaremos el objeto de acuerdo con los criterios contractuales.<\/p>\n<h1>M\u00e9todo de pago<\/h1>\n<p>El cliente deber\u00e1 pagar por adelantado la mercanc\u00eda y el env\u00edo en nuestro e-commerce con tarjeta de cr\u00e9dito.<\/p>\n<p>[\/et_pb_text][\/et_pb_column][\/et_pb_row][\/et_pb_section]<\/p>\n","protected":false},"excerpt":{"rendered":"<p>Condiciones de ventaTransporte Enviamos nuestra cer\u00e1mica y porcelana de calidad a todo el mundo prestando especial atenci\u00f3n al embalaje. Para asegurarnos de que cada producto tenga la protecci\u00f3n adecuada y llegue a su destino en perfectas condiciones, proporcionamos un embalaje espec\u00edfico en funci\u00f3n de los art\u00edculos y el m\u00e9todo de env\u00edo elegido. El cliente concluye [&hellip;]<\/p>\n","protected":false},"author":1,"featured_media":0,"parent":0,"menu_order":0,"comment_status":"closed","ping_status":"closed","template":"","meta":{"_et_pb_use_builder":"on","_et_pb_old_content":"","_et_gb_content_width":"","inline_featured_image":false,"_glsr_average":0,"_glsr_ranking":0,"_glsr_reviews":0,"footnotes":""},"class_list":["post-902","page","type-page","status-publish","hentry"],"_links":{"self":[{"href":"https:\/\/montalcinoceramiche.it\/es\/wp-json\/wp\/v2\/pages\/902","targetHints":{"allow":["GET"]}}],"collection":[{"href":"https:\/\/montalcinoceramiche.it\/es\/wp-json\/wp\/v2\/pages"}],"about":[{"href":"https:\/\/montalcinoceramiche.it\/es\/wp-json\/wp\/v2\/types\/page"}],"author":[{"embeddable":true,"href":"https:\/\/montalcinoceramiche.it\/es\/wp-json\/wp\/v2\/users\/1"}],"replies":[{"embeddable":true,"href":"https:\/\/montalcinoceramiche.it\/es\/wp-json\/wp\/v2\/comments?post=902"}],"version-history":[{"count":8,"href":"https:\/\/montalcinoceramiche.it\/es\/wp-json\/wp\/v2\/pages\/902\/revisions"}],"predecessor-version":[{"id":910,"href":"https:\/\/montalcinoceramiche.it\/es\/wp-json\/wp\/v2\/pages\/902\/revisions\/910"}],"wp:attachment":[{"href":"https:\/\/montalcinoceramiche.it\/es\/wp-json\/wp\/v2\/media?parent=902"}],"curies":[{"name":"wp","href":"https:\/\/api.w.org\/{rel}","templated":true}]}}