{"id":963,"date":"2020-12-02T16:44:30","date_gmt":"2020-12-02T15:44:30","guid":{"rendered":"https:\/\/montalcinoceramiche.it\/politica-de-privacidad\/"},"modified":"2020-12-02T16:58:23","modified_gmt":"2020-12-02T15:58:23","slug":"politica-de-privacidad","status":"publish","type":"page","link":"https:\/\/montalcinoceramiche.it\/es\/politica-de-privacidad\/","title":{"rendered":"Pol\u00edtica de privacidad"},"content":{"rendered":"[et_pb_section fb_built=\u00bb1&#8243; next_background_color=\u00bb#ffffff\u00bb admin_label=\u00bbHero Section\u00bb _builder_version=\u00bb4.6.5&#8243; use_background_color_gradient=\u00bbon\u00bb background_color_gradient_start=\u00bbrgba(0,0,0,0.16)\u00bb background_color_gradient_end=\u00bbrgba(0,0,0,0)\u00bb background_color_gradient_direction=\u00bb120deg\u00bb background_color_gradient_overlays_image=\u00bbon\u00bb background_image=\u00bbhttps:\/\/montalcinoceramiche.it\/wp-content\/uploads\/2020\/10\/WhatsApp-Image-2020-09-30-at-15.48.39.jpeg\u00bb custom_margin=\u00bb||||false|false\u00bb custom_padding=\u00bb||48px||false|false\u00bb bottom_divider_style=\u00bbwave\u00bb bottom_divider_height=\u00bb70px\u00bb][et_pb_row column_structure=\u00bb1_2,1_2&#8243; admin_label=\u00bbHero Area\u00bb _builder_version=\u00bb3.25&#8243;][et_pb_column type=\u00bb1_2&#8243; _builder_version=\u00bb3.25&#8243; custom_padding=\u00bb|||\u00bb custom_padding__hover=\u00bb|||\u00bb][et_pb_text admin_label=\u00bbTitle\u00bb _builder_version=\u00bb4.6.5&#8243; text_font=\u00bb||||||||\u00bb header_font=\u00bb|600|||||||\u00bb header_font_size=\u00bb60px\u00bb header_line_height=\u00bb1.2em\u00bb background_layout=\u00bbdark\u00bb animation_style=\u00bbfade\u00bb header_font_size_tablet=\u00bb\u00bb header_font_size_phone=\u00bb40px\u00bb header_font_size_last_edited=\u00bbon|phone\u00bb]<h1>Pol\u00edtica de privacidad y cookies<\/h1>[\/et_pb_text][\/et_pb_column][et_pb_column type=\u00bb1_2&#8243; _builder_version=\u00bb3.25&#8243; custom_padding=\u00bb|||\u00bb custom_padding__hover=\u00bb|||\u00bb][\/et_pb_column][\/et_pb_row][\/et_pb_section][et_pb_section fb_built=\u00bb1&#8243; admin_label=\u00bbsection\u00bb _builder_version=\u00bb3.22&#8243; custom_padding=\u00bb60px|||||\u00bb][et_pb_row _builder_version=\u00bb4.6.1&#8243; _module_preset=\u00bbdefault\u00bb][et_pb_column type=\u00bb4_4&#8243; _builder_version=\u00bb4.6.1&#8243; _module_preset=\u00bbdefault\u00bb][et_pb_text _builder_version=\u00bb4.6.1&#8243; _module_preset=\u00bbdefault\u00bb hover_enabled=\u00bb0&#8243; sticky_enabled=\u00bb0&#8243;]<p><\/p>\n<h2 class=\"wp-block-heading\">Quienes somos<\/h2>\n<p><br \/> La direcci\u00f3n de nuestro sitio web es: https:\/\/bottega-arte.it.<\/p>\n<p><\/p>\n<h2 class=\"wp-block-heading\">Qu\u00e9 datos personales recopilamos y por qu\u00e9 los recopilamos<\/h2>\n<p><\/p>\n<h3 class=\"wp-block-heading\">Rese\u00f1as<\/h3>\n<p>Cuando los visitantes dejan rese\u00f1as en nuestra p\u00e1gina, recopilamos los datos que se muestran en el formulario de rese\u00f1as, as\u00ed como la direcci\u00f3n IP del visitante y la cadena del agente de usuario del navegador para facilitar la detecci\u00f3n de spam.<\/p>\n<p>Se puede proporcionar una cadena an\u00f3nima creada a partir de su direcci\u00f3n de correo electr\u00f3nico (tambi\u00e9n llamada hash) al servicio Gravatar para ver si la est\u00e1 utilizando. La pol\u00edtica de privacidad del servicio Gravatar est\u00e1 disponible aqu\u00ed: https:\/\/automattic.com\/privacy\/. Despu\u00e9s de la aprobaci\u00f3n de su comentario, su foto de perfil es visible para el p\u00fablico en el contexto de su comentario.<\/p>\n<h3>Media<\/h3>\n<p>Si carga im\u00e1genes en el sitio web, debe evitar cargar im\u00e1genes que incluyan datos de ubicaci\u00f3n incrustados (GPS EXIF). Los visitantes del sitio web pueden descargar y extraer los datos de ubicaci\u00f3n de las im\u00e1genes del sitio web.<\/p>\n<h3>Cookies<\/h3>\n<p>Si deja una rese\u00f1a en nuestro sitio, puede optar por guardar su nombre, direcci\u00f3n de correo electr\u00f3nico y sitio web en cookies. Se utilizan para su comodidad, de modo que no tenga que volver a ingresar sus datos cuando deje otro comentario. Estas cookies durar\u00e1n un a\u00f1o.<\/p>\n<p>Si visita la p\u00e1gina de inicio de sesi\u00f3n, se establecer\u00e1 una cookie temporal para determinar si su navegador acepta cookies. Esta cookie no contiene datos personales y se elimina cuando cierra su navegador.<\/p>\n<p>Cuando inicie sesi\u00f3n, se establecer\u00e1n varias cookies para guardar su informaci\u00f3n de inicio de sesi\u00f3n y las opciones de visualizaci\u00f3n de su pantalla. Las cookies de inicio de sesi\u00f3n duran dos d\u00edas y las cookies de opciones de pantalla duran un a\u00f1o. Si selecciona \u00abRecordarme\u00bb, su inicio de sesi\u00f3n persistir\u00e1 durante dos semanas. Si cierra sesi\u00f3n en su cuenta, se eliminar\u00e1n las cookies de inicio de sesi\u00f3n.<\/p>\n<p>Si edita o publica un art\u00edculo, se guardar\u00e1 una cookie adicional en su navegador. Esta cookie no incluye datos personales, simplemente indica el ID del art\u00edculo reci\u00e9n modificado. Caduca despu\u00e9s de 1 d\u00eda.<\/p>\n<h3>Contenido incorporado de otros sitios web<\/h3>\n<p>Los art\u00edculos de este sitio pueden incluir contenido incorporado (por ejemplo, videos, im\u00e1genes, art\u00edculos, etc.). El contenido incorporado de otros sitios web se comporta exactamente de la misma manera que si el visitante hubiera visitado el otro sitio web.<\/p>\n<p>Estos sitios web pueden recopilar datos sobre usted, usar cookies, integrar un seguimiento adicional de terceros y monitorear la interacci\u00f3n con ellos, incluido el seguimiento de su interacci\u00f3n con el contenido incorporado si tiene una cuenta y est\u00e1 conectado a esos sitios web.<\/p>\n<h2>Durante cuanto tiempo conservamos sus datos<\/h2>\n<p>Si deja un comentario, el comentario y sus metadatos se guardan indefinidamente. As\u00ed es como podemos reconocer y aprobar autom\u00e1ticamente cualquier comentario posterior en lugar de mantenerlos en una cola de moderaci\u00f3n.<\/p>\n<p>Para los usuarios que se registran en nuestro sitio web (si presentes), tambi\u00e9n almacenamos la informaci\u00f3n personal que proporcionan en su perfil de usuario. Todos los usuarios pueden ver, editar o eliminar su informaci\u00f3n personal en cualquier momento (excepto su nombre de usuario, que no pueden cambiar). Los administradores del sitio web tambi\u00e9n pueden ver y editar esta informaci\u00f3n.<\/p>\n<h2>Que derechos tienes sobre tus datos<\/h2>\n<p>Si tiene una cuenta en este sitio, o ha dejado comentarios, puede solicitar recibir un archivo exportado desde el sitio con los datos personales que tenemos sobre usted, incluidos los datos que nos haya proporcionado. Tambi\u00e9n puede solicitar que eliminemos todos los datos personales que le conciernen. Esto no incluye ning\u00fan dato que debamos conservar con fines administrativos, legales o de seguridad.<\/p>\n<h2>Donde enviamos sus datos<\/h2>\n<p>Los comentarios de los visitantes se pueden verificar a trav\u00e9s de un servicio autom\u00e1tico de detecci\u00f3n de spam.<\/p>\n<h1>Bottega d\u2019arte di Andreucci Agnese<\/h1>\n<p>El controlador de datos procesa datos de identificaci\u00f3n personal (por ejemplo, nombre, apellido, raz\u00f3n social, direcci\u00f3n, tel\u00e9fono, correo electr\u00f3nico, datos bancarios y de pago-sucesivamente \u00abdatos personales\u00bb o incluso \u00abdatos\u00bb) comunicados por usted en ocasi\u00f3n de la conclusi\u00f3n de contratos para los servicios prestados por Bottega d&#8217;Arte di Andreucci Agnese o, en el caso de los sitios web, proporcionados por usted como parte interesada, en el momento de completar el formulario de contacto.<\/p>\n<p><strong>2. OBJETO DEL TRATAMIENTO<\/strong><\/p>\n<p>Sus datos personales se procesan para los siguientes fines de servicio: concluir contratos para los servicios prestados por Bottega d\u2019arte di Andreucci Agnese; cumplir con las obligaciones precontractuales, contractuales y fiscales; cumplir con las obligaciones establecidas por la ley, por la legislaci\u00f3n italiana y de la UE o por una orden de la Autoridad (por ejemplo, para la lucha contra el blanqueo de capitales); ejercer los derechos del propietario, por ejemplo el derecho a la defensa ante los tribunales; prevenir y gestionar posibles disputas o emprender acciones legales en caso de necesidad; enviar comunicaciones, actualizaciones t\u00e9cnicas y normativas, informes de acuerdos, convenios o propuestas comerciales.<\/p>\n<p><strong>3. MODO DE TRATAMIENTO Y DURACI\u00d3N<\/strong><\/p>\n<p>El tratamiento de sus datos personales se realiza mediante las operaciones indicadas en el art. 4 del Codice Privacy y art. 4 n. 2) GDPR y m\u00e1s precisamente: recopilaci\u00f3n, registro, organizaci\u00f3n, almacenamiento, consulta, procesamiento, modificaci\u00f3n, selecci\u00f3n, extracci\u00f3n, comparaci\u00f3n, uso, interconexi\u00f3n, bloqueo, comunicaci\u00f3n, cancelaci\u00f3n y destrucci\u00f3n de datos. Sus datos personales est\u00e1n sujetos a procesamiento tanto en papel como electr\u00f3nico y \/ o automatizado. El Responsable del Tratamiento tratar\u00e1 los datos personales durante el tiempo necesario para cumplir con las finalidades antes mencionadas y en cualquier caso durante un m\u00e1ximo de 10 a\u00f1os desde la terminaci\u00f3n de la relaci\u00f3n con Fines de Servicio y con fines civiles, contables y fiscales.<\/p>\n<p><strong>4. ACCESO A LOS DATOS<\/strong><\/p>\n<p>Sus datos pueden ser accesibles para los fines mencionados en el art. 2: a los empleados y colaboradores del Responsable del Tratamiento, en su calidad de responsables y \/ o responsables internos del tratamiento y \/ o administradores del sistema; a terceros u otros sujetos (a modo de ejemplo, entidades de cr\u00e9dito, despachos profesionales, consultores, compa\u00f1\u00edas de seguros para la prestaci\u00f3n de servicios de seguros, etc.) que realicen actividades subcontratadas por cuenta del Responsable del Tratamiento, en su calidad de responsables externos del tratamiento. Para los servicios en la nube, los datos que se procesan pueden divulgarse a proveedores externos con sede en la Uni\u00f3n Europea y en el extranjero en pa\u00edses no pertenecientes a la UE dentro y dentro de los l\u00edmites establecidos en el Cap\u00edtulo V del Reglamento Europeo n. 679 de 2016.<\/p>\n<p><strong>5. COMUNICACI\u00d3N DE DATOS<\/strong><\/p>\n<p>Sin necesidad de consentimiento expreso (de conformidad con el art\u00edculo 24 letra a), b), d) Codice Privacy y art. 6 lett. b) yc) GDPR), el controlador de datos puede comunicar sus datos para los fines mencionados en el art. 2 a los \u00d3rganos de Control, Autoridades Judiciales, a las compa\u00f1\u00edas de seguros para la prestaci\u00f3n de servicios de seguros, as\u00ed como a aquellos sujetos a quienes la comunicaci\u00f3n sea obligatoria por ley para el cumplimiento de los fines antes mencionados. Estos sujetos procesar\u00e1n los datos en su calidad de controladores de datos independientes. No se divulgar\u00e1n sus datos.<\/p>\n<p><strong>6. TRANSFERENCIA DE DATOS<\/strong><\/p>\n<p>Los datos personales pueden almacenarse en servidores ubicados dentro de la Uni\u00f3n Europea. En cualquier caso, se entiende que el Responsable del tratamiento, en caso de ser necesario, tendr\u00e1 derecho a trasladar los servidores incluso fuera de la UE. En este caso, el Responsable del tratamiento asegura a partir de ahora que la transferencia de datos fuera de la UE se llevar\u00e1 a cabo de acuerdo con las disposiciones legales aplicables, sujeto a la estipulaci\u00f3n de las cl\u00e1usulas contractuales est\u00e1ndar previstas por la Comisi\u00f3n Europea.<\/p>\n<p><strong>7. PROCEDENCIA DE LA CONFERENCIA DE DATOS Y CONSECUENCIAS DE NEGARSE A RESPONDER<\/strong><\/p>\n<p>El suministro de datos para los fines mencionados en el art. 2 es obligatorio e indispensable para la realizaci\u00f3n de los servicios regidos por los contratos estipulados con Bottega d&#8217;arte di Andreucci Agnese (as\u00ed como para las obligaciones legales). Sin \u00e9l, no podremos garantizar los Servicios solicitados contractualmente.<\/p>\n<p><strong>8. DATOS DE TERCEROS PROPORCIONADOS POR EL CLIENTE<\/strong><\/p>\n<p>El cliente garantiza, con referencia a los datos de terceros que \u00e9l mismo procesa al utilizar el Software y \/ o las infraestructuras proporcionadas por Bottega d\u2019arte di Andreucci Agnese, que ha facilitado previamente a terceros la informaci\u00f3n de acuerdo con el Reglamento Europeo no. 679 de 2016 y al Decreto Legislativo 196\/2003 y haber adquirido su consentimiento para el tratamiento y el derecho a transferir dichos datos a otros sujetos. No obstante, se entiende que el CLIENTE, respecto de los datos de terceros, es el responsable del tratamiento independiente asumiendo todas las obligaciones y responsabilidades vinculadas a \u00e9l, eximiendo a Bottega d&#8217;Arte di Andreucci Agnese de cualquier disputa, reclamaci\u00f3n u otra que pueda provenir de terceros sujetos con referencia a estas hip\u00f3tesis de procesamiento.<\/p>\n<p><strong>9. DERECHOS DEL INTERESADO<\/strong><\/p>\n<p>En su calidad de interesado, seg\u00fan la legislaci\u00f3n vigente tiene los derechos a que se refiere el art. 7 del Codice Privcy y art. 15 del RGPD y precisamente puede pedir: confirmaci\u00f3n de la existencia o no de datos personales que le conciernen y m\u00e1s detalles sobre los tratamientos llevados a cabo por Bottega d\u2019arte di Andreucci Agnese; copia de sus datos personales; para actualizar cualquier inexactitud de los datos; eliminar cualquier dato para el que no exista una base legal para su procesamiento; para retirar su consentimiento; oponerse a cualquier tratamiento; para limitar la forma en que tratas tenemos sus datos personales en el proceso de determinaci\u00f3n de una queja. En su caso, tambi\u00e9n tiene los derechos a que se refieren los art\u00edculos. 16-21 GDPR (Derecho de rectificaci\u00f3n, derecho al olvido, derecho a la limitaci\u00f3n del tratamiento, derecho a la portabilidad de los datos, derecho de oposici\u00f3n), as\u00ed como el derecho de reclamaci\u00f3n ante la Autoridad Garante.<\/p>\n<p><strong>10. M\u00c9TODO DE EJERCICIO DE DERECHOS<\/strong><\/p>\n<p>Puede ejercer sus derechos en cualquier momento enviando: una carta certificada a Bottega d\u2019arte di Andreucci Agnese, Via Boldrini 13 &#8211; 53024 Montalcino (SI); un correo electr\u00f3nico a agnese.ceramica@gmail.com<\/p>\n<p><strong>11. PROPIETARIO, RESPONSABLE Y ENCARGADOS<\/strong><\/p>\n<p>El controlador de datos es Bottega d\u2019arte di Andreucci Agnese, Via Boldrini 13 &#8211; 53024 Montalcino (SI). La lista actualizada de procesadores de datos y personas a cargo del procesamiento se mantiene en el domicilio social de Bottega d&#8217;arte di Andreucci Agnese.<\/p>\n<p><strong>12. SEGURIDAD DE LA INFORMACI\u00d3N<\/strong><\/p>\n<p>Toda la informaci\u00f3n recopilada se mantiene en instalaciones seguras que limitan el acceso \u00fanicamente al personal autorizado. Bottega d&#8217;Arte di Andreucci Agnese cumple con las medidas de seguridad de acuerdo con las leyes y normativas aplicables y con todas las medidas adecuadas para asegurar y garantizar la confidencialidad de los datos personales de los usuarios y minimizar, en la medida de lo posible, los riesgos de acceso no autorizado, eliminaci\u00f3n, p\u00e9rdida o da\u00f1o de los datos personales de los usuarios.<\/p>\n<p><strong>POL\u00cdTICA DE COOKIES INFORMACI\u00d3N GENERAL SOBRE COOKIES<\/strong><\/p>\n<p>Cuando accede a Bottega d&#8217;Arte di Andreucci Agnese o utiliza uno de nuestros servicios, nuestro sistema o el de uno de nuestros socios puede establecer o leer cookies y \/ u otros tipos de identificadores sobre el navegador y \/ o dispositivo que est\u00e1 utilizando. Una cookie es un peque\u00f1o archivo de texto que se almacena en la computadora de quienes visitan un sitio web para registrar cierta informaci\u00f3n relacionada con la visita, as\u00ed como para crear un sistema para reconocer al usuario incluso en momentos posteriores. Los identificadores de dispositivos, por otro lado, se generan al recopilar y procesar cierta informaci\u00f3n como la direcci\u00f3n IP y \/ o el agente de usuario (versi\u00f3n del navegador, tipo y versi\u00f3n del sistema operativo) u otras caracter\u00edsticas del dispositivo, nuevamente para volver a conectar cierta informaci\u00f3n. a un usuario espec\u00edfico. Un sitio web puede establecer una cookie en el navegador solo si las preferencias configuradas para este \u00faltimo lo permiten. Es importante saber que un navegador puede permitir que un sitio web en particular acceda \u00fanica y exclusivamente a las cookies establecidas por \u00e9l y no a las establecidas por otros sitios web: no existe ning\u00fan riesgo para su privacidad en este sentido.<\/p>\n<p><strong>PR\u00c1CTICAS RELATIVAS A COOKIES Y OTRAS TECNOLOG\u00cdAS SIMILARES<\/strong><\/p>\n<p>Bottega d&#8217;arte di Andreucci Agnese puede usar cookies u otros tipos de identificadores por una variedad de razones, que incluyen: Realizar un seguimiento de las preferencias del usuario mientras usa el sitio y \/ o los servicios incorporados en el mismo o conectados a \u00e9l. Elaborar an\u00e1lisis estad\u00edsticos (anal\u00edticos) sobre el uso del sitio y \/ o los servicios incorporados en el mismo. Bottega d&#8217;Arte di Andreucci Agnese NO utiliza directamente cookies de creaci\u00f3n de perfiles: las \u00fanicas cookies generadas y gestionadas directamente por Bottega d&#8217;Arte di Andreucci Agnese son las denominadas cookies t\u00e9cnicas (que se utilizan \u00fanica y exclusivamente para ofrecer correctamente los servicios ofrecidos al publico) y, de forma extremadamente limitada, cookies de an\u00e1lisis (que se utilizan para contar el n\u00famero de lecturas en las distintas p\u00e1ginas del sitio y \/ o para otros fines estad\u00edsticos). Sin embargo, informamos a los usuarios que las cookies de elaboraci\u00f3n de perfiles de terceros pueden generarse a trav\u00e9s de nuestras p\u00e1ginas (Ref. \u00abCookies de otras empresas\u00bb).<\/p>\n<p><strong>COOKIES DE OTRAS EMPRESAS<\/strong><\/p>\n<p>Bottega d&#8217;arte di Andreucci Agnese integra, dentro de sus p\u00e1ginas, servicios de terceros que podr\u00edan configurar y utilizar sus propias cookies y \/ o tecnolog\u00edas similares. El uso de estas cookies y tecnolog\u00edas similares por parte de estas empresas se rige por las pol\u00edticas de privacidad de estas empresas y no por esta informaci\u00f3n, ya que Bottega d&#8217;Arte di Andreucci Agnese no tiene ninguna relaci\u00f3n con la gesti\u00f3n de estas herramientas y el procesamiento de datos por parte de ellas. surgiendo. A continuaci\u00f3n se muestra una lista (no exhaustiva) de algunas de las empresas asociadas que pueden utilizar cookies mientras navega por la red de Bottega d&#8217;Arte di Andreucci Agnese: Google Analytics (informaci\u00f3n) Google Maps (informaci\u00f3n) En caso de dudas o informes al respecto al uso de cookies puede contactarnos en esta p\u00e1gina.<\/p>\n<p><strong>COOKIES DE GOOGLE ANALYTICS<\/strong><\/p>\n<p>Este sitio utiliza el servicio ofrecido por Google Analytics con el fin de tener un servicio completo y confiable de estad\u00edsticas sobre el uso del sitio. Con el fin de garantizar la privacidad de los usuarios de la forma m\u00e1s rigurosa posible, comunicamos que hemos llevado a cabo la anonimizaci\u00f3n de las IP (por lo tanto, Google Analytics hacer que la direcci\u00f3n IP del usuario \/ visitante sea an\u00f3nima tan pronto como sea t\u00e9cnicamente posible en el paso ascendente de la red donde se recopilan los datos). El controlador de datos tambi\u00e9n informa que ha aceptado la Enmienda sobre procesamiento de datos (Enmienda de procesamiento de datos de Google Analytics) puesta a disposici\u00f3n por Google Analytics de conformidad con la Directiva 95\/46 \/ CE. En particular, en virtud de esta enmienda, Google garantiza que procesar\u00e1 los datos personales registrados a trav\u00e9s del servicio solo dentro de los l\u00edmites de las instrucciones dadas por el operador del sitio y que no los compartir\u00e1 con otros servicios de Google a menos que esto haya sido expresamente solicitado y autorizado por el propietario del sitio en s\u00ed. Por lo anterior, se informa al usuario que no se han activado las opciones de publicidad y compartir datos con Google y que Google Analytics no se ha conectado a ning\u00fan servicio adicional: el tratamiento, por tanto, se realiza con fines meramente estad\u00edsticos. y, por lo tanto, sobre la base de lo que proporciona expl\u00edcitamente el Garante de privacidad, las cookies de an\u00e1lisis se han equiparado con las cookies t\u00e9cnicas y, como tales, se instalan sin el consentimiento previo del usuario.<\/p>\n<p><strong>DESACTIVAR COOKIES<\/strong><\/p>\n<p>Puede configurar su navegador para aceptar o rechazar todas las cookies o tipos particulares de cookies (como cookies de terceros) o puede elegir que se le advierta cada vez que se establezca una cookie en su computadora. Es importante saber que rechazar todas las cookies puede impedirle utilizar los productos y servicios de Bottega d\u2019arte di Andreucci Agnese que requieren que acceda a \u00e1reas reservadas para usuarios registrados utilizando un nombre de usuario y contrase\u00f1a. Todos estos servicios, de hecho, requieren cookies para funcionar correctamente y, en consecuencia, cualquier bloqueo de cookies har\u00eda imposible su uso. A continuaci\u00f3n se muestran las instrucciones relativas a los navegadores m\u00e1s populares con el fin de realizar una configuraci\u00f3n personalizada sobre las cookies: Microsoft Internet Explorer haga clic en \u00abHerramientas\u00bb en la parte superior de la ventana del navegador; seleccione \u00abOpciones de Internet\u00bb; haga clic en la pesta\u00f1a \u00abPrivacidad\u00bb; para activar las cookies, el nivel de privacidad debe establecerse en \u00abMedio\u00bb o por debajo; Al establecer el nivel de privacidad por encima de \u00abMedio\u00bb, se desactivar\u00e1 el uso de cookies. Mozilla Firefox haga clic en \u00abHerramientas\u00bb en la parte superior de la ventana del navegador; Seleccione opciones\u00bb; seleccione el icono \u00abPrivacidad\u00bb; haga clic en \u00abCookies\u00bb; seleccione si los elementos \u00abAceptar cookies de sitios\u00bb y \u00abAceptar cookies de terceros\u00bb; Google Chrome haga clic en el icono de men\u00fa; seleccione \u00abConfiguraci\u00f3n\u00bb; en la parte inferior de la p\u00e1gina, seleccione \u00abMostrar configuraci\u00f3n avanzada\u00bb; en la secci\u00f3n \u00abPrivacidad\u00bb, seleccione \u00abConfiguraci\u00f3n de contenido\u00bb; seleccione o no el elemento \u00abBloquear sitios para que no configuren datos\u00bb. Apple Safari haga clic en la etiqueta \u00abSafari\u00bb en la parte superior de la ventana del navegador; seleccione la opci\u00f3n \u00abPreferencias\u00bb; haga clic en \u00abPrivacidad\u00bb; establezca su elecci\u00f3n en \u00abCookies y datos del sitio web\u00bb.<\/p>\n<p><strong>BORRAR TODAS LAS COOKIES DE \u00abBottega d&#8217;arte di Andreucci Agnese\u00bb<\/strong><\/p>\n<p>Puede eliminar todas las cookies de Bottega d&#8217;arte di Andreucci Agnese utilizando las herramientas de limpieza de su navegador.<\/p>\n[\/et_pb_text][\/et_pb_column][\/et_pb_row][\/et_pb_section]","protected":false},"excerpt":{"rendered":"<p>Pol\u00edtica de privacidad y cookies Quienes somos La direcci\u00f3n de nuestro sitio web es: https:\/\/bottega-arte.it. Qu\u00e9 datos personales recopilamos y por qu\u00e9 los recopilamos Rese\u00f1as Cuando los visitantes dejan rese\u00f1as en nuestra p\u00e1gina, recopilamos los datos que se muestran en el formulario de rese\u00f1as, as\u00ed como la direcci\u00f3n IP del visitante y la cadena del [&hellip;]<\/p>\n","protected":false},"author":1,"featured_media":0,"parent":0,"menu_order":0,"comment_status":"closed","ping_status":"closed","template":"","meta":{"_et_pb_use_builder":"on","_et_pb_old_content":"","_et_gb_content_width":"","inline_featured_image":false,"_glsr_average":0,"_glsr_ranking":0,"_glsr_reviews":0,"footnotes":""},"class_list":["post-963","page","type-page","status-publish","hentry"],"_links":{"self":[{"href":"https:\/\/montalcinoceramiche.it\/es\/wp-json\/wp\/v2\/pages\/963","targetHints":{"allow":["GET"]}}],"collection":[{"href":"https:\/\/montalcinoceramiche.it\/es\/wp-json\/wp\/v2\/pages"}],"about":[{"href":"https:\/\/montalcinoceramiche.it\/es\/wp-json\/wp\/v2\/types\/page"}],"author":[{"embeddable":true,"href":"https:\/\/montalcinoceramiche.it\/es\/wp-json\/wp\/v2\/users\/1"}],"replies":[{"embeddable":true,"href":"https:\/\/montalcinoceramiche.it\/es\/wp-json\/wp\/v2\/comments?post=963"}],"version-history":[{"count":9,"href":"https:\/\/montalcinoceramiche.it\/es\/wp-json\/wp\/v2\/pages\/963\/revisions"}],"predecessor-version":[{"id":978,"href":"https:\/\/montalcinoceramiche.it\/es\/wp-json\/wp\/v2\/pages\/963\/revisions\/978"}],"wp:attachment":[{"href":"https:\/\/montalcinoceramiche.it\/es\/wp-json\/wp\/v2\/media?parent=963"}],"curies":[{"name":"wp","href":"https:\/\/api.w.org\/{rel}","templated":true}]}}