{"id":1225,"date":"2020-11-09T11:14:33","date_gmt":"2020-12-03T16:54:31","guid":{"rendered":"https:\/\/montalcinoceramiche.it\/prodotto\/bicchiere\/"},"modified":"2021-03-10T13:32:11","modified_gmt":"2021-03-10T12:32:11","slug":"vaso","status":"publish","type":"product","link":"https:\/\/montalcinoceramiche.it\/es\/productos\/vaso\/","title":{"rendered":"Vaso \u00abBoccalarga\u00bb"},"content":{"rendered":"<p>NUESTROS PRODUCTOS SON ADECUADOS PARA USO ALIMENTARIO, SE PUEDEN UTILIZAR EN EL MICROONDAS Y SE PUEDEN LAVAR EN LA LAVAVAJILLAS.<\/p>\n<p>SE TRATA DE PRODUCTOS ARTESANOS, ESMALTADOS Y PINTADOS A MANO, POR LO QUE CADA PIEZA SE DEBE CONSIDERAR \u00daNICA.<\/p>\n","protected":false},"excerpt":{"rendered":"<h4>Decoraci\u00f3n geom\u00e9trica<\/h4>\n<p>Vaso de cer\u00e1mica hecho y pintado a mano.<\/p>\n<p><em>Si puedes usar tanto para bebidas calientes (como t\u00e9, chocolate caliente, capuchino, infusiones &#8230;) como para bebidas fr\u00edas (como agua, c\u00f3cteles, zumos de frutas &#8230;).<\/em><\/p>\n<p>&nbsp;<\/p>\n<p>&nbsp;<\/p>\n","protected":false},"featured_media":5911,"template":"","meta":{"_et_pb_use_builder":"","_et_pb_old_content":"","_et_gb_content_width":"","inline_featured_image":false,"_glsr_average":0,"_glsr_ranking":0,"_glsr_reviews":0},"product_brand":[],"product_cat":[88,90],"product_tag":[],"class_list":{"0":"post-1225","1":"product","2":"type-product","3":"status-publish","4":"has-post-thumbnail","6":"product_cat-ceramica-en-la-cocina","7":"product_cat-vasos","9":"first","10":"instock","11":"shipping-taxable","12":"purchasable","13":"product-type-simple"},"_links":{"self":[{"href":"https:\/\/montalcinoceramiche.it\/es\/wp-json\/wp\/v2\/product\/1225","targetHints":{"allow":["GET"]}}],"collection":[{"href":"https:\/\/montalcinoceramiche.it\/es\/wp-json\/wp\/v2\/product"}],"about":[{"href":"https:\/\/montalcinoceramiche.it\/es\/wp-json\/wp\/v2\/types\/product"}],"wp:featuredmedia":[{"embeddable":true,"href":"https:\/\/montalcinoceramiche.it\/es\/wp-json\/wp\/v2\/media\/5911"}],"wp:attachment":[{"href":"https:\/\/montalcinoceramiche.it\/es\/wp-json\/wp\/v2\/media?parent=1225"}],"wp:term":[{"taxonomy":"product_brand","embeddable":true,"href":"https:\/\/montalcinoceramiche.it\/es\/wp-json\/wp\/v2\/product_brand?post=1225"},{"taxonomy":"product_cat","embeddable":true,"href":"https:\/\/montalcinoceramiche.it\/es\/wp-json\/wp\/v2\/product_cat?post=1225"},{"taxonomy":"product_tag","embeddable":true,"href":"https:\/\/montalcinoceramiche.it\/es\/wp-json\/wp\/v2\/product_tag?post=1225"}],"curies":[{"name":"wp","href":"https:\/\/api.w.org\/{rel}","templated":true}]}}