{"id":1251,"date":"2020-11-09T10:36:59","date_gmt":"2020-12-03T16:55:28","guid":{"rendered":"https:\/\/montalcinoceramiche.it\/prodotto\/porta-fazzoletti\/"},"modified":"2021-03-10T14:05:51","modified_gmt":"2021-03-10T13:05:51","slug":"dispensador-de-panuelos","status":"publish","type":"product","link":"https:\/\/montalcinoceramiche.it\/es\/productos\/dispensador-de-panuelos\/","title":{"rendered":"Dispensador de pa\u00f1uelos \u00abRettangolo\u00bb"},"content":{"rendered":"<p>NUESTROS PRODUCTOS SON ADECUADOS PARA USO ALIMENTARIO, SE PUEDEN UTILIZAR EN EL MICROONDAS Y SE PUEDEN LAVAR EN LA LAVAVAJILLAS.<\/p>\n<p>SE TRATA DE PRODUCTOS ARTESANOS, ESMALTADOS Y PINTADOS A MANO, POR LO QUE CADA PIEZA SE DEBE CONSIDERAR \u00daNICA.<\/p>\n","protected":false},"excerpt":{"rendered":"<h4>Decoraci\u00f3n geom\u00e9trica<\/h4>\n<p>Dispensador de pa\u00f1uelos de cer\u00e1mica hecho y pintado a mano.<\/p>\n<p><em>Objeto apto en cualquier ambiente desde el sal\u00f3n hasta el ba\u00f1o. Este modelo de soporte para pa\u00f1uelos est\u00e1 dise\u00f1ado para la caja de pa\u00f1uelos de forma rectangular. <\/em><\/p>\n<p>&nbsp;<\/p>\n","protected":false},"featured_media":1252,"template":"","meta":{"_et_pb_use_builder":"","_et_pb_old_content":"","_et_gb_content_width":"","inline_featured_image":false,"_glsr_average":0,"_glsr_ranking":0,"_glsr_reviews":0},"product_brand":[],"product_cat":[85,103,100,87],"product_tag":[],"class_list":{"0":"post-1251","1":"product","2":"type-product","3":"status-publish","4":"has-post-thumbnail","6":"product_cat-accesorios-para-el-bano","7":"product_cat-dispensador-de-panuelos","8":"product_cat-objetos","9":"product_cat-objetos-para-el-cuarto-de-bano","11":"first","12":"outofstock","13":"shipping-taxable","14":"purchasable","15":"product-type-simple"},"_links":{"self":[{"href":"https:\/\/montalcinoceramiche.it\/es\/wp-json\/wp\/v2\/product\/1251","targetHints":{"allow":["GET"]}}],"collection":[{"href":"https:\/\/montalcinoceramiche.it\/es\/wp-json\/wp\/v2\/product"}],"about":[{"href":"https:\/\/montalcinoceramiche.it\/es\/wp-json\/wp\/v2\/types\/product"}],"wp:featuredmedia":[{"embeddable":true,"href":"https:\/\/montalcinoceramiche.it\/es\/wp-json\/wp\/v2\/media\/1252"}],"wp:attachment":[{"href":"https:\/\/montalcinoceramiche.it\/es\/wp-json\/wp\/v2\/media?parent=1251"}],"wp:term":[{"taxonomy":"product_brand","embeddable":true,"href":"https:\/\/montalcinoceramiche.it\/es\/wp-json\/wp\/v2\/product_brand?post=1251"},{"taxonomy":"product_cat","embeddable":true,"href":"https:\/\/montalcinoceramiche.it\/es\/wp-json\/wp\/v2\/product_cat?post=1251"},{"taxonomy":"product_tag","embeddable":true,"href":"https:\/\/montalcinoceramiche.it\/es\/wp-json\/wp\/v2\/product_tag?post=1251"}],"curies":[{"name":"wp","href":"https:\/\/api.w.org\/{rel}","templated":true}]}}