{"id":1255,"date":"2020-11-09T10:37:41","date_gmt":"2020-12-03T16:55:29","guid":{"rendered":"https:\/\/montalcinoceramiche.it\/prodotto\/porta-sapone-liquido\/"},"modified":"2021-03-10T13:41:11","modified_gmt":"2021-03-10T12:41:11","slug":"porta-sapone-liquido","status":"publish","type":"product","link":"https:\/\/montalcinoceramiche.it\/es\/productos\/porta-sapone-liquido\/","title":{"rendered":"Dosificador de jab\u00f3n \u00abCilindro\u00bb"},"content":{"rendered":"<p>NUESTROS PRODUCTOS SON ADECUADOS PARA USO ALIMENTARIO, SE PUEDEN UTILIZAR EN EL MICROONDAS Y SE PUEDEN LAVAR EN LA LAVAVAJILLAS.<\/p>\n<p>SE TRATA DE PRODUCTOS ARTESANOS, ESMALTADOS Y PINTADOS A MANO, POR LO QUE CADA PIEZA SE DEBE CONSIDERAR \u00daNICA.<\/p>\n","protected":false},"excerpt":{"rendered":"<h4>Decoraci\u00f3n geom\u00e9trica<\/h4>\n<p>Jabonera de cer\u00e1mica hecha y pintada a mano.<\/p>\n<p><em>Dispensador perfecto para jab\u00f3n l\u00edquido, champ\u00fa, gel de ducha, desmaquillador o agua micelar. Le dar\u00e1 un toque de color y singularidad a tu ba\u00f1o.<\/em><\/p>\n<p>&nbsp;<\/p>\n<p>&nbsp;<\/p>\n","protected":false},"featured_media":1256,"template":"","meta":{"_et_pb_use_builder":"","_et_pb_old_content":"","_et_gb_content_width":"","inline_featured_image":false,"_glsr_average":0,"_glsr_ranking":0,"_glsr_reviews":0},"product_brand":[],"product_cat":[85,86,87],"product_tag":[],"class_list":{"0":"post-1255","1":"product","2":"type-product","3":"status-publish","4":"has-post-thumbnail","6":"product_cat-accesorios-para-el-bano","7":"product_cat-dosificador-de-jabon","8":"product_cat-objetos-para-el-cuarto-de-bano","10":"first","11":"outofstock","12":"shipping-taxable","13":"purchasable","14":"product-type-simple"},"_links":{"self":[{"href":"https:\/\/montalcinoceramiche.it\/es\/wp-json\/wp\/v2\/product\/1255","targetHints":{"allow":["GET"]}}],"collection":[{"href":"https:\/\/montalcinoceramiche.it\/es\/wp-json\/wp\/v2\/product"}],"about":[{"href":"https:\/\/montalcinoceramiche.it\/es\/wp-json\/wp\/v2\/types\/product"}],"wp:featuredmedia":[{"embeddable":true,"href":"https:\/\/montalcinoceramiche.it\/es\/wp-json\/wp\/v2\/media\/1256"}],"wp:attachment":[{"href":"https:\/\/montalcinoceramiche.it\/es\/wp-json\/wp\/v2\/media?parent=1255"}],"wp:term":[{"taxonomy":"product_brand","embeddable":true,"href":"https:\/\/montalcinoceramiche.it\/es\/wp-json\/wp\/v2\/product_brand?post=1255"},{"taxonomy":"product_cat","embeddable":true,"href":"https:\/\/montalcinoceramiche.it\/es\/wp-json\/wp\/v2\/product_cat?post=1255"},{"taxonomy":"product_tag","embeddable":true,"href":"https:\/\/montalcinoceramiche.it\/es\/wp-json\/wp\/v2\/product_tag?post=1255"}],"curies":[{"name":"wp","href":"https:\/\/api.w.org\/{rel}","templated":true}]}}