{"id":3640,"date":"2020-12-28T17:26:40","date_gmt":"2021-03-10T11:59:21","guid":{"rendered":"https:\/\/montalcinoceramiche.it\/prodotto\/posabotella-bordo-alto\/"},"modified":"2021-03-10T12:59:21","modified_gmt":"2021-03-10T11:59:21","slug":"sottobottiglia-bordo-alto-2","status":"publish","type":"product","link":"https:\/\/montalcinoceramiche.it\/es\/productos\/sottobottiglia-bordo-alto-2\/","title":{"rendered":"Posabotella \u00abBordo alto\u00bb"},"content":{"rendered":"<p>NUESTROS PRODUCTOS SON ADECUADOS PARA USO ALIMENTARIO, SE PUEDEN UTILIZAR EN EL MICROONDAS Y SE PUEDEN LAVAR EN LA LAVAVAJILLAS.<\/p>\n<p>SE TRATA DE PRODUCTOS ARTESANOS, ESMALTADOS Y PINTADOS A MANO, POR LO QUE CADA PIEZA SE DEBE CONSIDERAR \u00daNICA.<\/p>\n","protected":false},"excerpt":{"rendered":"<h4>Decoraci\u00f3n de paisaje<\/h4>\n<p>Posabotella de cer\u00e1mica hecho y pintado a mano.<\/p>\n<p><em>Este accesorio adem\u00e1s de su atractivo est\u00e9tico, evitar\u00e1 el problema de las gotas de vino sobre el mantel.<\/em><\/p>\n","protected":false},"featured_media":1599,"template":"","meta":{"_et_pb_use_builder":"","_et_pb_old_content":"","_et_gb_content_width":"","inline_featured_image":false,"_glsr_average":0,"_glsr_ranking":0,"_glsr_reviews":0},"product_brand":[],"product_cat":[88,150],"product_tag":[],"class_list":{"0":"post-3640","1":"product","2":"type-product","3":"status-publish","4":"has-post-thumbnail","6":"product_cat-ceramica-en-la-cocina","7":"product_cat-portabotellas-es","9":"first","10":"outofstock","11":"shipping-taxable","12":"purchasable","13":"product-type-simple"},"_links":{"self":[{"href":"https:\/\/montalcinoceramiche.it\/es\/wp-json\/wp\/v2\/product\/3640","targetHints":{"allow":["GET"]}}],"collection":[{"href":"https:\/\/montalcinoceramiche.it\/es\/wp-json\/wp\/v2\/product"}],"about":[{"href":"https:\/\/montalcinoceramiche.it\/es\/wp-json\/wp\/v2\/types\/product"}],"wp:featuredmedia":[{"embeddable":true,"href":"https:\/\/montalcinoceramiche.it\/es\/wp-json\/wp\/v2\/media\/1599"}],"wp:attachment":[{"href":"https:\/\/montalcinoceramiche.it\/es\/wp-json\/wp\/v2\/media?parent=3640"}],"wp:term":[{"taxonomy":"product_brand","embeddable":true,"href":"https:\/\/montalcinoceramiche.it\/es\/wp-json\/wp\/v2\/product_brand?post=3640"},{"taxonomy":"product_cat","embeddable":true,"href":"https:\/\/montalcinoceramiche.it\/es\/wp-json\/wp\/v2\/product_cat?post=3640"},{"taxonomy":"product_tag","embeddable":true,"href":"https:\/\/montalcinoceramiche.it\/es\/wp-json\/wp\/v2\/product_tag?post=3640"}],"curies":[{"name":"wp","href":"https:\/\/api.w.org\/{rel}","templated":true}]}}