{"id":3643,"date":"2020-12-11T19:42:16","date_gmt":"2021-03-10T12:03:42","guid":{"rendered":"https:\/\/montalcinoceramiche.it\/prodotto\/dosificador-de-jabon-ricciolo\/"},"modified":"2021-03-10T13:03:42","modified_gmt":"2021-03-10T12:03:42","slug":"portasapone-ricciolo-2","status":"publish","type":"product","link":"https:\/\/montalcinoceramiche.it\/es\/productos\/portasapone-ricciolo-2\/","title":{"rendered":"Dosificador de jab\u00f3n \u00abRicciolo\u00bb"},"content":{"rendered":"<p>NUESTROS PRODUCTOS SON ADECUADOS PARA USO ALIMENTARIO, SE PUEDEN UTILIZAR EN EL MICROONDAS Y SE PUEDEN LAVAR EN LA LAVAVAJILLAS.<\/p>\n<p>SE TRATA DE PRODUCTOS ARTESANOS, ESMALTADOS Y PINTADOS A MANO, POR LO QUE CADA PIEZA SE DEBE CONSIDERAR \u00daNICA.<\/p>\n","protected":false},"excerpt":{"rendered":"<h4>Decoraci\u00f3n de girasoles<\/h4>\n<p>Jabonera de cer\u00e1mica hecha y pintada a mano.<\/p>\n<p><em>Gracias a su forma ovalada y sus tama\u00f1os est\u00e1ndar, puede contener cualquier tipo de jab\u00f3n.<\/em><\/p>\n<p>&nbsp;<\/p>\n","protected":false},"featured_media":6447,"template":"","meta":{"_et_pb_use_builder":"","_et_pb_old_content":"","_et_gb_content_width":"","inline_featured_image":false,"_glsr_average":0,"_glsr_ranking":0,"_glsr_reviews":0},"product_brand":[],"product_cat":[85,86,87],"product_tag":[],"class_list":{"0":"post-3643","1":"product","2":"type-product","3":"status-publish","4":"has-post-thumbnail","6":"product_cat-accesorios-para-el-bano","7":"product_cat-dosificador-de-jabon","8":"product_cat-objetos-para-el-cuarto-de-bano","10":"first","11":"instock","12":"shipping-taxable","13":"purchasable","14":"product-type-simple"},"_links":{"self":[{"href":"https:\/\/montalcinoceramiche.it\/es\/wp-json\/wp\/v2\/product\/3643","targetHints":{"allow":["GET"]}}],"collection":[{"href":"https:\/\/montalcinoceramiche.it\/es\/wp-json\/wp\/v2\/product"}],"about":[{"href":"https:\/\/montalcinoceramiche.it\/es\/wp-json\/wp\/v2\/types\/product"}],"wp:featuredmedia":[{"embeddable":true,"href":"https:\/\/montalcinoceramiche.it\/es\/wp-json\/wp\/v2\/media\/6447"}],"wp:attachment":[{"href":"https:\/\/montalcinoceramiche.it\/es\/wp-json\/wp\/v2\/media?parent=3643"}],"wp:term":[{"taxonomy":"product_brand","embeddable":true,"href":"https:\/\/montalcinoceramiche.it\/es\/wp-json\/wp\/v2\/product_brand?post=3643"},{"taxonomy":"product_cat","embeddable":true,"href":"https:\/\/montalcinoceramiche.it\/es\/wp-json\/wp\/v2\/product_cat?post=3643"},{"taxonomy":"product_tag","embeddable":true,"href":"https:\/\/montalcinoceramiche.it\/es\/wp-json\/wp\/v2\/product_tag?post=3643"}],"curies":[{"name":"wp","href":"https:\/\/api.w.org\/{rel}","templated":true}]}}